{"id":68744,"date":"2025-12-02T01:53:01","date_gmt":"2025-12-01T23:53:01","guid":{"rendered":"https:\/\/klaviaturos.shop\/?post_type=product&#038;p=68744"},"modified":"2026-05-14T17:16:04","modified_gmt":"2026-05-14T14:16:04","slug":"juodas-zaidimu-rinkinys-aula-f87-pro-juoda-keychron-m3-beviele-juoda-lit-mousepad-ferrari-f40","status":"publish","type":"product","link":"https:\/\/klaviaturos.shop\/en\/product-2\/juodas-zaidimu-rinkinys-aula-f87-pro-juoda-keychron-m3-beviele-juoda-lit-mousepad-ferrari-f40\/","title":{"rendered":"Juodas \u017daidim\u0173 Rinkinys &#8211; Aula F87 Pro (Juoda) + Keychron M3 Beviel\u0117 (Juoda) + \u201eLIT Mousepad\u201d Ferrari F40"},"content":{"rendered":"<div data-elementor-type=\"wp-post\" data-elementor-id=\"68744\" class=\"elementor elementor-68744\">\n\t\t\t\t<div class=\"wd-negative-gap elementor-element elementor-element-7352a798 e-flex e-con-boxed e-con e-parent\" data-id=\"7352a798\" data-element_type=\"container\" data-e-type=\"container\">\n\t\t\t\t\t<div class=\"e-con-inner\">\n\t\t\t\t\t<\/div>\n\t\t\t\t<\/div>\n\t\t\t\t<\/div>","protected":false},"excerpt":{"rendered":"","protected":false},"featured_media":69853,"template":"","meta":{"_acf_changed":false},"danga":[],"gamintojas":[],"tipas":[],"product_brand":[],"product_cat":[485,2301],"product_tag":[],"class_list":{"0":"post-68744","1":"product","2":"type-product","3":"status-publish","4":"has-post-thumbnail","6":"product_cat-zaidimu-rinkiniai","7":"product_cat-klaviaturos-peles-ir-kilimelio-rinkiniai","9":"first","10":"instock","11":"sale","12":"taxable","13":"shipping-taxable","14":"purchasable","15":"product-type-bundle"},"bundled_by":[],"bundle_stock_status":"instock","bundle_stock_quantity":3,"bundle_virtual":false,"bundle_layout":"default","bundle_add_to_cart_form_location":"default","bundle_editable_in_cart":false,"bundle_sold_individually_context":"product","bundle_item_grouping":"parent","bundle_min_size":"","bundle_max_size":"","bundle_price":{"price":{"min":{"incl_tax":"134.99","excl_tax":"111.561983"},"max":{"incl_tax":"134.99","excl_tax":"111.561983"}},"regular_price":{"min":{"incl_tax":"149.97","excl_tax":"123.942149"},"max":{"incl_tax":"149.97","excl_tax":"123.942149"}}},"bundled_items":[{"bundled_item_id":96,"product_id":66113,"menu_order":0,"quantity_min":1,"quantity_max":1,"quantity_default":1,"priced_individually":false,"shipped_individually":false,"override_title":false,"title":"Keyboard Aula F87 Pro (Black)","override_description":true,"description":"","optional":false,"hide_thumbnail":false,"discount":"","override_variations":true,"allowed_variations":[66114],"override_default_variation_attributes":true,"default_variation_attributes":[{"id":34,"name":"Switches","option":"space-crystal-switches"}],"single_product_visibility":"visible","cart_visibility":"visible","order_visibility":"visible","single_product_price_visibility":"visible","cart_price_visibility":"visible","order_price_visibility":"visible","stock_status":"in_stock"},{"bundled_item_id":105,"product_id":16581,"menu_order":1,"quantity_min":1,"quantity_max":1,"quantity_default":1,"priced_individually":false,"shipped_individually":false,"override_title":false,"title":"Mouse pad \"LIT Mousepad\" Ferrari F40","override_description":true,"description":"","optional":false,"hide_thumbnail":false,"discount":"","override_variations":true,"allowed_variations":[40813],"override_default_variation_attributes":true,"default_variation_attributes":[{"id":16,"name":"Size","option":"900x400x3mm-2"}],"single_product_visibility":"visible","cart_visibility":"visible","order_visibility":"visible","single_product_price_visibility":"visible","cart_price_visibility":"visible","order_price_visibility":"visible","stock_status":"in_stock"},{"bundled_item_id":87,"product_id":16630,"menu_order":2,"quantity_min":1,"quantity_max":1,"quantity_default":1,"priced_individually":false,"shipped_individually":false,"override_title":false,"title":"Gaming Mouse Keychron M3 Wireless (Black)","override_description":true,"description":"","optional":false,"hide_thumbnail":false,"discount":"","override_variations":false,"allowed_variations":[],"override_default_variation_attributes":false,"default_variation_attributes":[],"single_product_visibility":"visible","cart_visibility":"visible","order_visibility":"visible","single_product_price_visibility":"visible","cart_price_visibility":"visible","order_price_visibility":"visible","stock_status":"in_stock"}],"bundle_sell_ids":[],"acf":[],"_links":{"self":[{"href":"https:\/\/klaviaturos.shop\/en\/wp-json\/wp\/v2\/product\/68744","targetHints":{"allow":["GET"]}}],"collection":[{"href":"https:\/\/klaviaturos.shop\/en\/wp-json\/wp\/v2\/product"}],"about":[{"href":"https:\/\/klaviaturos.shop\/en\/wp-json\/wp\/v2\/types\/product"}],"version-history":[{"count":1,"href":"https:\/\/klaviaturos.shop\/en\/wp-json\/wp\/v2\/product\/68744\/revisions"}],"predecessor-version":[{"id":75533,"href":"https:\/\/klaviaturos.shop\/en\/wp-json\/wp\/v2\/product\/68744\/revisions\/75533"}],"wp:featuredmedia":[{"embeddable":true,"href":"https:\/\/klaviaturos.shop\/en\/wp-json\/wp\/v2\/media\/69853"}],"wp:attachment":[{"href":"https:\/\/klaviaturos.shop\/en\/wp-json\/wp\/v2\/media?parent=68744"}],"wp:term":[{"taxonomy":"danga","embeddable":true,"href":"https:\/\/klaviaturos.shop\/en\/wp-json\/wp\/v2\/danga?post=68744"},{"taxonomy":"gamintojas","embeddable":true,"href":"https:\/\/klaviaturos.shop\/en\/wp-json\/wp\/v2\/gamintojas?post=68744"},{"taxonomy":"tipas","embeddable":true,"href":"https:\/\/klaviaturos.shop\/en\/wp-json\/wp\/v2\/tipas?post=68744"},{"taxonomy":"product_brand","embeddable":true,"href":"https:\/\/klaviaturos.shop\/en\/wp-json\/wp\/v2\/product_brand?post=68744"},{"taxonomy":"product_cat","embeddable":true,"href":"https:\/\/klaviaturos.shop\/en\/wp-json\/wp\/v2\/product_cat?post=68744"},{"taxonomy":"product_tag","embeddable":true,"href":"https:\/\/klaviaturos.shop\/en\/wp-json\/wp\/v2\/product_tag?post=68744"}],"curies":[{"name":"wp","href":"https:\/\/api.w.org\/{rel}","templated":true}]}}