{"id":68698,"date":"2025-12-02T01:17:12","date_gmt":"2025-12-01T23:17:12","guid":{"rendered":"https:\/\/klaviaturos.shop\/?post_type=product&#038;p=68698"},"modified":"2026-05-14T17:17:13","modified_gmt":"2026-05-14T14:17:13","slug":"japoniskas-zaidimu-rinkinys-aula-f99-pro-balta-pilka-keychron-m3-beviele-balta-lit-mousepad-yin-yang","status":"publish","type":"product","link":"https:\/\/klaviaturos.shop\/en\/product-2\/japoniskas-zaidimu-rinkinys-aula-f99-pro-balta-pilka-keychron-m3-beviele-balta-lit-mousepad-yin-yang\/","title":{"rendered":"Japoni\u0161kas \u017daidim\u0173 Rinkinys &#8211; Aula F99 PRO (Balta\/Pilka) + Keychron M3 Beviel\u0117 (Balta) + \u201eLIT Mousepad\u201d Yin Yang"},"content":{"rendered":"<div data-elementor-type=\"wp-post\" data-elementor-id=\"68698\" class=\"elementor elementor-68698\">\n\t\t\t\t<div class=\"wd-negative-gap elementor-element elementor-element-7352a798 e-flex e-con-boxed e-con e-parent\" data-id=\"7352a798\" data-element_type=\"container\" data-e-type=\"container\">\n\t\t\t\t\t<div class=\"e-con-inner\">\n\t\t\t\t\t<\/div>\n\t\t\t\t<\/div>\n\t\t\t\t<\/div>","protected":false},"excerpt":{"rendered":"","protected":false},"featured_media":69585,"template":"","meta":{"_acf_changed":false},"danga":[],"gamintojas":[],"tipas":[],"product_brand":[],"product_cat":[485,2301],"product_tag":[],"class_list":{"0":"post-68698","1":"product","2":"type-product","3":"status-publish","4":"has-post-thumbnail","6":"product_cat-zaidimu-rinkiniai","7":"product_cat-klaviaturos-peles-ir-kilimelio-rinkiniai","9":"first","10":"instock","11":"sale","12":"taxable","13":"shipping-taxable","14":"purchasable","15":"product-type-bundle"},"bundled_by":[],"bundle_stock_status":"instock","bundle_stock_quantity":1,"bundle_virtual":false,"bundle_layout":"default","bundle_add_to_cart_form_location":"default","bundle_editable_in_cart":false,"bundle_sold_individually_context":"product","bundle_item_grouping":"parent","bundle_min_size":"","bundle_max_size":"","bundle_price":{"price":{"min":{"incl_tax":"139.99","excl_tax":"115.694215"},"max":{"incl_tax":"139.99","excl_tax":"115.694215"}},"regular_price":{"min":{"incl_tax":"159.97","excl_tax":"132.206612"},"max":{"incl_tax":"159.97","excl_tax":"132.206612"}}},"bundled_items":[{"bundled_item_id":98,"product_id":60874,"menu_order":0,"quantity_min":1,"quantity_max":1,"quantity_default":1,"priced_individually":false,"shipped_individually":false,"override_title":false,"title":"Aula F99 PRO Keyboard (White\/Grey)","override_description":true,"description":"","optional":false,"hide_thumbnail":false,"discount":"","override_variations":true,"allowed_variations":[61483],"override_default_variation_attributes":true,"default_variation_attributes":[{"id":34,"name":"Switches","option":"star-arrow-linear-switches"}],"single_product_visibility":"visible","cart_visibility":"visible","order_visibility":"visible","single_product_price_visibility":"visible","cart_price_visibility":"visible","order_price_visibility":"visible","stock_status":"in_stock"},{"bundled_item_id":65,"product_id":16627,"menu_order":1,"quantity_min":1,"quantity_max":1,"quantity_default":1,"priced_individually":false,"shipped_individually":false,"override_title":false,"title":"\"LIT Mousepad\" Yin Yang Mouse Pad","override_description":true,"description":"","optional":false,"hide_thumbnail":false,"discount":"","override_variations":true,"allowed_variations":[64870],"override_default_variation_attributes":true,"default_variation_attributes":[{"id":16,"name":"Size","option":"900x400x3mm-2"}],"single_product_visibility":"visible","cart_visibility":"visible","order_visibility":"visible","single_product_price_visibility":"visible","cart_price_visibility":"visible","order_price_visibility":"visible","stock_status":"in_stock"},{"bundled_item_id":89,"product_id":20131,"menu_order":2,"quantity_min":1,"quantity_max":1,"quantity_default":1,"priced_individually":false,"shipped_individually":false,"override_title":false,"title":"Gaming Mouse Keychron M3 Wireless (White)","override_description":true,"description":"","optional":false,"hide_thumbnail":false,"discount":"","override_variations":false,"allowed_variations":[],"override_default_variation_attributes":false,"default_variation_attributes":[],"single_product_visibility":"visible","cart_visibility":"visible","order_visibility":"visible","single_product_price_visibility":"visible","cart_price_visibility":"visible","order_price_visibility":"visible","stock_status":"in_stock"}],"bundle_sell_ids":[],"acf":[],"_links":{"self":[{"href":"https:\/\/klaviaturos.shop\/en\/wp-json\/wp\/v2\/product\/68698","targetHints":{"allow":["GET"]}}],"collection":[{"href":"https:\/\/klaviaturos.shop\/en\/wp-json\/wp\/v2\/product"}],"about":[{"href":"https:\/\/klaviaturos.shop\/en\/wp-json\/wp\/v2\/types\/product"}],"version-history":[{"count":1,"href":"https:\/\/klaviaturos.shop\/en\/wp-json\/wp\/v2\/product\/68698\/revisions"}],"predecessor-version":[{"id":75536,"href":"https:\/\/klaviaturos.shop\/en\/wp-json\/wp\/v2\/product\/68698\/revisions\/75536"}],"wp:featuredmedia":[{"embeddable":true,"href":"https:\/\/klaviaturos.shop\/en\/wp-json\/wp\/v2\/media\/69585"}],"wp:attachment":[{"href":"https:\/\/klaviaturos.shop\/en\/wp-json\/wp\/v2\/media?parent=68698"}],"wp:term":[{"taxonomy":"danga","embeddable":true,"href":"https:\/\/klaviaturos.shop\/en\/wp-json\/wp\/v2\/danga?post=68698"},{"taxonomy":"gamintojas","embeddable":true,"href":"https:\/\/klaviaturos.shop\/en\/wp-json\/wp\/v2\/gamintojas?post=68698"},{"taxonomy":"tipas","embeddable":true,"href":"https:\/\/klaviaturos.shop\/en\/wp-json\/wp\/v2\/tipas?post=68698"},{"taxonomy":"product_brand","embeddable":true,"href":"https:\/\/klaviaturos.shop\/en\/wp-json\/wp\/v2\/product_brand?post=68698"},{"taxonomy":"product_cat","embeddable":true,"href":"https:\/\/klaviaturos.shop\/en\/wp-json\/wp\/v2\/product_cat?post=68698"},{"taxonomy":"product_tag","embeddable":true,"href":"https:\/\/klaviaturos.shop\/en\/wp-json\/wp\/v2\/product_tag?post=68698"}],"curies":[{"name":"wp","href":"https:\/\/api.w.org\/{rel}","templated":true}]}}