{"id":67579,"date":"2025-11-18T16:55:35","date_gmt":"2025-11-18T14:55:35","guid":{"rendered":"https:\/\/klaviaturos.shop\/?post_type=product&#038;p=67579"},"modified":"2026-05-01T17:35:49","modified_gmt":"2026-05-01T14:35:49","slug":"keyboard-keychron-v6-max-qmk-keyboard-carbon-black","status":"publish","type":"product","link":"https:\/\/klaviaturos.shop\/en\/product-2\/keyboard-keychron-v6-max-qmk-keyboard-carbon-black\/","title":{"rendered":"Keyboard Keychron V6 Max QMK (Carbon Black)"},"content":{"rendered":"<div data-elementor-type=\"wp-post\" data-elementor-id=\"67579\" class=\"elementor elementor-67579\">\n\t\t\t\t<div class=\"wd-negative-gap elementor-element elementor-element-36983da e-flex e-con-boxed e-con e-parent\" data-id=\"36983da\" data-element_type=\"container\" data-e-type=\"container\">\n\t\t\t\t\t<div class=\"e-con-inner\">\n\t\t\t\t<div class=\"elementor-element elementor-element-765ef29b color-scheme-inherit text-left elementor-widget elementor-widget-text-editor\" data-id=\"765ef29b\" data-element_type=\"widget\" data-e-type=\"widget\" data-widget_type=\"text-editor.default\">\n\t\t\t\t<div class=\"elementor-widget-container\">\n\t\t\t\t\t\t\t\t\t<iframe loading=\"lazy\" title=\"Keychron V6 Max Keyboard Sound Surprise.. \ud83d\ude26 #customkeyboard #mechanicalkeyboard #keyboard #keychron\" width=\"422\" height=\"750\" src=\"https:\/\/www.youtube.com\/embed\/9ls-r4OIaMw?feature=oembed\" frameborder=\"0\" allow=\"accelerometer; autoplay; clipboard-write; encrypted-media; gyroscope; picture-in-picture; web-share\" referrerpolicy=\"strict-origin-when-cross-origin\" allowfullscreen><\/iframe>\n\n\n\n<img loading=\"lazy\" decoding=\"async\" title=\"Keychron V6 Max 2.4G wireless QMK mechanical keyboard\" src=\"https:\/\/cdn.shopify.com\/s\/files\/1\/0578\/2526\/3783\/files\/V6-Max-11_2048x_1d8cc80c-50a2-40cf-9771-b046493eed33_1200x.jpg?v=1712723560\" sizes=\"auto, (min-width: 1536px) 1536px, (min-width: 1024px) 1280px, (min-width: 640px) 768px, calc(100vw\/3)\" srcset=\"https:\/\/cdn.shopify.com\/s\/files\/1\/0578\/2526\/3783\/files\/V6-Max-11_2048x_1d8cc80c-50a2-40cf-9771-b046493eed33.jpg?v=1712723560 1536w\" alt=\"Keychron V6 Max 2.4G wireless QMK mechanical keyboard\" width=\"2000\" height=\"1125\" \/>\n<h3 data-pf-type=\"Heading\">Keychron V6 Max<\/h3>\n<p data-pf-type=\"Paragraph\">V6 Max yra QMK pritaikytas mechaninis klaviat\u016bra su 2.4 GHz belaid\u017eiu ir Bluetooth 5.1 ry\u0161iu.<\/p>\n<img loading=\"lazy\" decoding=\"async\" title=\"Keychron V6 Max 2.4G wireless QMK mechanical keyboard\" src=\"https:\/\/cdn.shopify.com\/s\/files\/1\/0578\/2526\/3783\/files\/V6-Max-10_2048x_52203089-029f-4df5-8063-d563287ccabb_1200x.jpg?v=1712723611\" sizes=\"auto, (min-width: 1536px) 1536px, (min-width: 1024px) 1280px, (min-width: 640px) 768px, calc(100vw\/3)\" srcset=\"https:\/\/cdn.shopify.com\/s\/files\/1\/0578\/2526\/3783\/files\/V6-Max-10_2048x_52203089-029f-4df5-8063-d563287ccabb.jpg?v=1712723611 1536w\" alt=\"Keychron V6 Max 2.4G wireless QMK mechanical keyboard\" width=\"2000\" height=\"1125\" \/>\u00a0<img loading=\"lazy\" decoding=\"async\" title=\"Features of Keychron V6 Max 100% Layout QMK\/VIA Wireless Custom Mechanical Keyboard\" src=\"https:\/\/cdn.shopify.com\/s\/files\/1\/0059\/0630\/1017\/files\/Keychron-V1-Max-features-icon_1200x.jpg?v=1697853445\" sizes=\"auto, (min-width: 1536px) 1536px, (min-width: 1024px) 1280px, (min-width: 640px) 768px, calc(100vw\/3)\" srcset=\"https:\/\/cdn.shopify.com\/s\/files\/1\/0059\/0630\/1017\/files\/Keychron-V1-Max-features-icon.jpg?v=1697853445 1536w\" alt=\"Features of Keychron V6 Max 100% Layout QMK\/VIA Wireless Custom Mechanical Keyboard\" width=\"4896\" height=\"2344\" \/><a href=\"https:\/\/www.keychron.com\/pages\/customize-your-keychron-v6-max\" target=\"_blank\" rel=\"noopener\" data-pf-type=\"Button\">Customize Your V6 Max<\/a>\n<p data-pf-type=\"Paragraph\">Choose the keycaps, switches and more accessories for your V6 Max<\/p>\n\n<h3 data-pf-type=\"Heading\">2.4 GHz &amp; Bluetooth Connection<\/h3>\n<p data-pf-type=\"Paragraph\">Experience peak gaming performance on the fly with the 2.4 GHz wireless connection boasting a rapid 1000 Hz polling rate. For seamless multitasking across your computer, phone, and tablet, you can effortlessly connect the V6 Max via Bluetooth 5.1 to three devices.<\/p>\n<img loading=\"lazy\" decoding=\"async\" title=\"Keychron V6 Max 2.4G wireless QMK mechanical keyboard\" src=\"https:\/\/cdn.shopify.com\/s\/files\/1\/0578\/2526\/3783\/files\/V6-max-1_2048x_4adbf449-8eb6-4d33-84f6-6c62adcc4fcc_1200x.jpg?v=1712730439\" sizes=\"auto, (min-width: 1536px) 1536px, (min-width: 1024px) 1280px, (min-width: 640px) 768px, calc(100vw\/3)\" srcset=\"https:\/\/cdn.shopify.com\/s\/files\/1\/0578\/2526\/3783\/files\/V6-max-1_2048x_4adbf449-8eb6-4d33-84f6-6c62adcc4fcc.jpg?v=1712730439 1536w\" alt=\"Keychron V6 Max 2.4G wireless QMK mechanical keyboard\" width=\"2000\" height=\"1125\" \/>\n<h3 data-pf-type=\"Heading\">All-around customizable keyboard<\/h3>\n<p data-pf-type=\"Paragraph\">To build a fully customizable keyboard, we designed every component to be easily assembled so you can customize and adjust any or every part the way you want.<\/p>\n<img loading=\"lazy\" decoding=\"async\" title=\"Structure of Keychron V6 Max 100% Layout QMK\/VIA Wireless Custom Mechanical Keyboard\" src=\"https:\/\/cdn.shopify.com\/s\/files\/1\/0578\/2526\/3783\/files\/V6-Max-structure_2048x_dc1f7add-0ca2-4a15-9706-7932f6945d5c_1200x.jpg?v=1712723721\" sizes=\"auto, (min-width: 1536px) 1536px, (min-width: 1024px) 1280px, (min-width: 640px) 768px, calc(100vw\/3)\" srcset=\"https:\/\/cdn.shopify.com\/s\/files\/1\/0578\/2526\/3783\/files\/V6-Max-structure_2048x_dc1f7add-0ca2-4a15-9706-7932f6945d5c.jpg?v=1712723721 1536w\" alt=\"Structure of Keychron V6 Max 100% Layout QMK\/VIA Wireless Custom Mechanical Keyboard\" width=\"2048\" height=\"1152\" \/>\n<h3 data-pf-type=\"Heading\">Dual Receivers<\/h3>\n<p data-pf-type=\"Paragraph\">For a better 2.4 GHz wireless experience, the V6 Max comes with Type-C and Type-A receivers. Enjoy the quick plug-and-play time. Or, put them away in the keyboard magnetic storage slot at the top right corner.<\/p>\n<img loading=\"lazy\" decoding=\"async\" title=\"Keychron V6 Max 2.4G wireless QMK mechanical keyboard\" src=\"https:\/\/cdn.shopify.com\/s\/files\/1\/0578\/2526\/3783\/files\/Type-A-and-Type-C-receivers-for-the-V3-Max-wireless-mechanical-keyboard_1200x.jpg?v=1712723856\" sizes=\"auto, (min-width: 1536px) 1536px, (min-width: 1024px) 1280px, (min-width: 640px) 768px, calc(100vw\/3)\" srcset=\"https:\/\/cdn.shopify.com\/s\/files\/1\/0578\/2526\/3783\/files\/Type-A-and-Type-C-receivers-for-the-V3-Max-wireless-mechanical-keyboard.jpg?v=1712723856 1536w\" alt=\"Keychron V6 Max 2.4G wireless QMK mechanical keyboard\" width=\"800\" height=\"450\" \/>\u00a0<img loading=\"lazy\" decoding=\"async\" title=\"Keychron V6 Max 2.4G wireless QMK mechanical keyboard\" src=\"https:\/\/cdn.shopify.com\/s\/files\/1\/0578\/2526\/3783\/files\/V6-Max-7_1200x.jpg?v=1712723942\" sizes=\"auto, (min-width: 1536px) 1536px, (min-width: 1024px) 1280px, (min-width: 640px) 768px, calc(100vw\/3)\" srcset=\"https:\/\/cdn.shopify.com\/s\/files\/1\/0578\/2526\/3783\/files\/V6-Max-7.jpg?v=1712723942 1536w\" alt=\"Keychron V6 Max 2.4G wireless QMK mechanical keyboard\" width=\"800\" height=\"450\" \/>\n<h3 data-pf-type=\"Heading\">An Epic Core Inside The Keyboard<\/h3>\n<p data-pf-type=\"Paragraph\">A powerful ARM architecture MCU equipped with 256K Flash will provide more flexibility for developers. The polling rate is 1000 Hz right out of the box, which makes the latency hardly noticeable even in competitive games.<\/p>\n\n<h3 data-pf-type=\"Heading\">OSA Profile Double-shot PBT Keycaps<\/h3>\n<p data-pf-type=\"Paragraph\">These double-shot PBT keycaps have a similar height to the OEM profile and have an SA-like shape. We named it the OSA (OEM spherical angled) keycap. The PBT keycaps will provide excellent oil resistance, enhance the type feel, and prevent the legends from fading out.<\/p>\n<img loading=\"lazy\" decoding=\"async\" title=\"Keychron V6 Max 2.4G wireless QMK mechanical keyboard\" src=\"https:\/\/cdn.shopify.com\/s\/files\/1\/0578\/2526\/3783\/files\/V6-Max-6_1200x.jpg?v=1712724075\" sizes=\"auto, (min-width: 1536px) 1536px, (min-width: 1024px) 1280px, (min-width: 640px) 768px, calc(100vw\/3)\" srcset=\"https:\/\/cdn.shopify.com\/s\/files\/1\/0578\/2526\/3783\/files\/V6-Max-6.jpg?v=1712724075 1536w\" alt=\"Keychron V6 Max 2.4G wireless QMK mechanical keyboard\" width=\"800\" height=\"450\" \/>\u00a0<img loading=\"lazy\" decoding=\"async\" title=\"Keychron V6 Max 2.4G wireless QMK mechanical keyboard\" src=\"https:\/\/cdn.shopify.com\/s\/files\/1\/0578\/2526\/3783\/files\/Windows-and-macOS-toggle-of-the-V5-Max-wireless-keyboard_1200x.jpg?v=1712724271\" sizes=\"auto, (min-width: 1536px) 1536px, (min-width: 1024px) 1280px, (min-width: 640px) 768px, calc(100vw\/3)\" srcset=\"https:\/\/cdn.shopify.com\/s\/files\/1\/0578\/2526\/3783\/files\/Windows-and-macOS-toggle-of-the-V5-Max-wireless-keyboard.jpg?v=1712724271 1536w\" alt=\"Keychron V6 Max 2.4G wireless QMK mechanical keyboard\" width=\"800\" height=\"450\" \/>\n<h3 data-pf-type=\"Heading\">Switch Layouts Between macOS &amp; Windows<\/h3>\n<p data-pf-type=\"Paragraph\">Built with the Mac users\u2019 experience in mind while still retaining compatibility for Windows devices, the Keychron V6 Max comes with a system toggle and an additional set of customized keycaps for both Windows and macOS systems. You can now save two different layouts on the keyboard, one for each system.<\/p>\n\n<h3 data-pf-type=\"Heading\">Gasket Mount Design<\/h3>\n<p data-pf-type=\"Paragraph\">By adopting a gasket mount design along with a PC (Polycarbonate) plate, the V6 Max reduces acoustic resonance, delivering a softer and quieter typing experience with enhanced flexibility.<\/p>\n<img loading=\"lazy\" decoding=\"async\" title=\"Keychron V6 Max 2.4G wireless QMK mechanical keyboard\" src=\"https:\/\/cdn.shopify.com\/s\/files\/1\/0578\/2526\/3783\/files\/V1_Max_gasket_mount_1200x.gif?v=1712724335\" sizes=\"auto, (min-width: 1536px) 1536px, (min-width: 1024px) 1280px, (min-width: 640px) 768px, calc(100vw\/3)\" srcset=\"https:\/\/cdn.shopify.com\/s\/files\/1\/0578\/2526\/3783\/files\/V1_Max_gasket_mount.gif?v=1712724335 1536w\" alt=\"Keychron V6 Max 2.4G wireless QMK mechanical keyboard\" width=\"800\" height=\"607\" \/>\n<h3 data-pf-type=\"Heading\">Program with QMK &amp; Launcher.<\/h3>\n<p data-pf-type=\"Paragraph\">The open-source QMK firmware means endless possibilities for key remapping, macros, shortcuts, and more. Now you can easily customize each key with the Keychron Launcher web app.<\/p>\n<img loading=\"lazy\" decoding=\"async\" src=\"https:\/\/cdn.shopify.com\/s\/files\/1\/0059\/0630\/1017\/files\/Program-the-K14-Pro-keyboard-with-Launcher.jpg?v=1718087955&amp;width=2048\" sizes=\"auto, 75vw\" srcset=\"https:\/\/cdn.shopify.com\/s\/files\/1\/0059\/0630\/1017\/files\/Program-the-K14-Pro-keyboard-with-Launcher.jpg?v=1718087955&amp;width=375 375w,https:\/\/cdn.shopify.com\/s\/files\/1\/0059\/0630\/1017\/files\/Program-the-K14-Pro-keyboard-with-Launcher.jpg?v=1718087955&amp;width=550 550w,https:\/\/cdn.shopify.com\/s\/files\/1\/0059\/0630\/1017\/files\/Program-the-K14-Pro-keyboard-with-Launcher.jpg?v=1718087955&amp;width=768 768w,https:\/\/cdn.shopify.com\/s\/files\/1\/0059\/0630\/1017\/files\/Program-the-K14-Pro-keyboard-with-Launcher.jpg?v=1718087955&amp;width=1024 1024w,https:\/\/cdn.shopify.com\/s\/files\/1\/0059\/0630\/1017\/files\/Program-the-K14-Pro-keyboard-with-Launcher.jpg?v=1718087955&amp;width=1280 1280w,https:\/\/cdn.shopify.com\/s\/files\/1\/0059\/0630\/1017\/files\/Program-the-K14-Pro-keyboard-with-Launcher.jpg?v=1718087955&amp;width=1440 1440w,https:\/\/cdn.shopify.com\/s\/files\/1\/0059\/0630\/1017\/files\/Program-the-K14-Pro-keyboard-with-Launcher.jpg?v=1718087955&amp;width=1680 1680w,https:\/\/cdn.shopify.com\/s\/files\/1\/0059\/0630\/1017\/files\/Program-the-K14-Pro-keyboard-with-Launcher.jpg?v=1718087955&amp;width=1800 1800w,https:\/\/cdn.shopify.com\/s\/files\/1\/0059\/0630\/1017\/files\/Program-the-K14-Pro-keyboard-with-Launcher.jpg?v=1718087955&amp;width=1920 1920w,https:\/\/cdn.shopify.com\/s\/files\/1\/0059\/0630\/1017\/files\/Program-the-K14-Pro-keyboard-with-Launcher.jpg?v=1718087955&amp;width=2048 2048w\" alt=\"Program-the-K14-Pro-keyboard-with-Launcher.jpg__PID:182cd11e-fc7c-4830-9528-113e73f0a07f\" width=\"2000\" height=\"1125\" data-pf-type=\"Image4\" \/><a href=\"https:\/\/usevia.app\/#\/\" target=\"_blank\" rel=\"noopener\" data-pf-type=\"Button\">Click here to use Keychron Launcher<\/a>\n<p data-pf-type=\"Paragraph4\">* Please use the latest version of Chrome \/ Opera \/ Edge browser to open the Launcher and connect the keyboard to your device via wired mode.<\/p>\n\n<h3 data-pf-type=\"Heading2\">Anytime, Anywhere Access<\/h3>\n<p data-pf-type=\"Paragraph3\">Keychron Launcher is a web page configurator that you can use in the office, school, lab, or government department\u2014anywhere with internet access. Configure your keyboard online anytime without the need to download or install files. No hassle, no trouble.<\/p>\n\n<h3 data-pf-type=\"Heading2\">Compatible with All Platforms<\/h3>\n<p data-pf-type=\"Paragraph3\">As a web-based tool, Keychron Launcher supports all operating systems. Personalize and program your keyboard on Windows, macOS, Linux, and more. Enjoy unprecedented flexibility with compatibility across Chrome, Edge, and Opera browser.<\/p>\n\n<h3 data-pf-type=\"Heading2\">Safe Inputs<\/h3>\n<p data-pf-type=\"Paragraph3\">You type your password, contact, home address, and other sensitive privacy information on keyboards every day. Our keyboards use QMK open-source firmware, allowing the community to review the codes for safety and ensuring no hidden features, so you have complete control over your input security.<\/p>\n\n<h3 data-pf-type=\"Heading2\">Always Up to Date<\/h3>\n<p data-pf-type=\"Paragraph3\">Keychron Launcher is continuously updated, ensuring you always have access to the latest version. There\u2019s no need to download updates or wait for installations.<\/p>\n<p data-pf-type=\"Paragraph4\"><a href=\"https:\/\/www.keychron.com\/blogs\/news\/how-to-use-launcher-to-program-your-keyboard\" target=\"_self\" rel=\"noopener\">Learn more about how to use Keychron Launcher &gt;<\/a><\/p>\n<a href=\"https:\/\/github.com\/Keychron\/qmk_firmware\/tree\/wireless_playground\/keyboards\/keychron\/v6_max\" target=\"_blank\" rel=\"noopener\" data-pf-type=\"Button2\">Keychron V6 Max Source Code<\/a>\n<h3 data-pf-type=\"Heading\">Hot-swappable<\/h3>\n<p data-pf-type=\"Paragraph\">The hot-swappable sockets are mounted on the PCB, so you can install or change the switches without soldering. The PCB supports both 3-pin and 5-pin MX mechanical switches.<\/p>\n<img loading=\"lazy\" decoding=\"async\" title=\"Barebone US layout of Keychron V1 Max\" src=\"https:\/\/cdn.shopify.com\/s\/files\/1\/0578\/2526\/3783\/files\/V6-Max-barebone_1200x.jpg?v=1712729514\" sizes=\"auto, (min-width: 1536px) 1536px, (min-width: 1024px) 1280px, (min-width: 640px) 768px, calc(100vw\/3)\" srcset=\"https:\/\/cdn.shopify.com\/s\/files\/1\/0578\/2526\/3783\/files\/V6-Max-barebone.jpg?v=1712729514 1536w\" alt=\"v6-max-barebone__PID:3b668352-534b-49cb-b092-ac618aeb83b3\" width=\"800\" height=\"268\" \/>\n<h3 data-pf-type=\"Heading\">South-facing RGB LED Lights<\/h3>\n<p data-pf-type=\"Paragraph\">The south-facing RGB LED is designed to better illuminate the keyboard backlight from the typist\u2019s angle with the premium non-shine-through PBT keycaps installed. The south-facing RGB is also free from interference when the users install OEM or Cherry-profile alternative keycaps on the keyboard.<\/p>\n\n<h3 data-pf-type=\"Heading\">Gateron Jupiter Switch<\/h3>\n<p data-pf-type=\"Paragraph\">Our exclusive Gateron Jupiter mechanical switch (for the Fully Assembled version only) comes with a 3-pin design, its pre-lubed with a reliable Gateron quality standard with up to 80 million keystrokes lifespan. While their unique LED diffuser design offers high RGB backlight transmittance and softer backlight effect. The banana switch provides an early tactile bump at the top with a uniquely smooth experience like those Panda switches on the market.<\/p>\n<img loading=\"lazy\" decoding=\"async\" title=\"Gateron Jupiter Switch Features of Keychron V6 Max Custom Mechanical Keyboard\" src=\"https:\/\/cdn.shopify.com\/s\/files\/1\/0059\/0630\/1017\/files\/Keychron-Gateron-Jupiter-MX-mechanical-switch-red-brown-banana_1200x.jpg?v=1691743779\" sizes=\"auto, (min-width: 1536px) 1536px, (min-width: 1024px) 1280px, (min-width: 640px) 768px, calc(100vw\/3)\" srcset=\"https:\/\/cdn.shopify.com\/s\/files\/1\/0059\/0630\/1017\/files\/Keychron-Gateron-Jupiter-MX-mechanical-switch-red-brown-banana.jpg?v=1691743779 1536w\" alt=\"Gateron Jupiter Switch Features of Keychron V6 Max Custom Mechanical Keyboard\" width=\"2925\" height=\"975\" \/>\u00a0<img loading=\"lazy\" decoding=\"async\" src=\"https:\/\/cdn.shopify.com\/s\/files\/1\/0578\/2526\/3783\/files\/Keychron_Screw-in_stabilizers.webp?v=1712729588\" width=\"800\" height=\"450\" \/>\n<h3 data-pf-type=\"Heading\">Screw-In PCB Stabilizers<\/h3>\n<p data-pf-type=\"Paragraph\">Even small parts matter for your fingertip feel. We\u2019ve integrated the PCB-mounted screw-in stabilizers for a smoother typing experience with less wobbliness on the big keys such as space bar, shift, enter, and delete. The Keychron V6Max also supports third-party screw-in PCB stabilizers.<\/p>\n\n<h3 data-pf-type=\"Heading\">What\u2019s in the box?<\/h3>\n<img loading=\"lazy\" decoding=\"async\" title=\"Package list of Keychron V6 Max Custom Mechanical Keyboard\" src=\"https:\/\/cdn.shopify.com\/s\/files\/1\/0578\/2526\/3783\/files\/Package-list-V6-Max_2048x_7f2532cc-c8e7-41c3-82ac-9f92443fe7f7_1200x.jpg?v=1712729705\" sizes=\"auto, (min-width: 1536px) 1536px, (min-width: 1024px) 1280px, (min-width: 640px) 768px, calc(100vw\/3)\" srcset=\"https:\/\/cdn.shopify.com\/s\/files\/1\/0578\/2526\/3783\/files\/Package-list-V6-Max_2048x_7f2532cc-c8e7-41c3-82ac-9f92443fe7f7.jpg?v=1712729705 1536w\" alt=\"Package list of Keychron V6 Max Custom Mechanical Keyboard\" width=\"1920\" height=\"1751\" \/>\t\t\t\t\t\t\t\t<\/div>\n\t\t\t\t<\/div>\n\t\t\t\t\t<\/div>\n\t\t\t\t<\/div>\n\t\t\t\t<\/div>","protected":false},"excerpt":{"rendered":"<p>Keychron V6\u00a0Max The V6 Max is a QMK custom mechanical keyboard with 2.4 GHz wireless and Bluetooth 5.1 connection. It<\/p>","protected":false},"featured_media":67582,"template":"","meta":{"_acf_changed":false},"danga":[],"gamintojas":[],"tipas":[],"product_brand":[332],"product_cat":[20],"product_tag":[],"class_list":{"0":"post-67579","1":"product","2":"type-product","3":"status-publish","4":"has-post-thumbnail","6":"product_brand-keychron","7":"product_cat-zaidimu-klaviaturos","9":"first","10":"instock","11":"sale","12":"taxable","13":"shipping-taxable","14":"purchasable","15":"product-type-variable","16":"has-default-attributes"},"bundled_by":[],"bundle_stock_status":"instock","bundle_stock_quantity":null,"bundle_virtual":false,"bundle_layout":"","bundle_add_to_cart_form_location":"","bundle_editable_in_cart":false,"bundle_sold_individually_context":"","bundle_item_grouping":"","bundle_min_size":"","bundle_max_size":"","bundle_price":[],"bundled_items":[],"bundle_sell_ids":[],"acf":[],"_links":{"self":[{"href":"https:\/\/klaviaturos.shop\/en\/wp-json\/wp\/v2\/product\/67579","targetHints":{"allow":["GET"]}}],"collection":[{"href":"https:\/\/klaviaturos.shop\/en\/wp-json\/wp\/v2\/product"}],"about":[{"href":"https:\/\/klaviaturos.shop\/en\/wp-json\/wp\/v2\/types\/product"}],"version-history":[{"count":0,"href":"https:\/\/klaviaturos.shop\/en\/wp-json\/wp\/v2\/product\/67579\/revisions"}],"wp:featuredmedia":[{"embeddable":true,"href":"https:\/\/klaviaturos.shop\/en\/wp-json\/wp\/v2\/media\/67582"}],"wp:attachment":[{"href":"https:\/\/klaviaturos.shop\/en\/wp-json\/wp\/v2\/media?parent=67579"}],"wp:term":[{"taxonomy":"danga","embeddable":true,"href":"https:\/\/klaviaturos.shop\/en\/wp-json\/wp\/v2\/danga?post=67579"},{"taxonomy":"gamintojas","embeddable":true,"href":"https:\/\/klaviaturos.shop\/en\/wp-json\/wp\/v2\/gamintojas?post=67579"},{"taxonomy":"tipas","embeddable":true,"href":"https:\/\/klaviaturos.shop\/en\/wp-json\/wp\/v2\/tipas?post=67579"},{"taxonomy":"product_brand","embeddable":true,"href":"https:\/\/klaviaturos.shop\/en\/wp-json\/wp\/v2\/product_brand?post=67579"},{"taxonomy":"product_cat","embeddable":true,"href":"https:\/\/klaviaturos.shop\/en\/wp-json\/wp\/v2\/product_cat?post=67579"},{"taxonomy":"product_tag","embeddable":true,"href":"https:\/\/klaviaturos.shop\/en\/wp-json\/wp\/v2\/product_tag?post=67579"}],"curies":[{"name":"wp","href":"https:\/\/api.w.org\/{rel}","templated":true}]}}