{"id":50295,"date":"2025-04-03T00:17:01","date_gmt":"2025-04-02T21:17:01","guid":{"rendered":"https:\/\/klaviaturos.shop\/?post_type=product&#038;p=50295"},"modified":"2026-04-27T19:23:01","modified_gmt":"2026-04-27T16:23:01","slug":"keyboard-mchose-g87-black-topographic","status":"publish","type":"product","link":"https:\/\/klaviaturos.shop\/en\/product-2\/keyboard-mchose-g87-black-topographic\/","title":{"rendered":"Keyboard MCHOSE G87 (Black Topographic)"},"content":{"rendered":"<div style=\"font-family: 'Cabin', sans-serif; font-size: 18px; color: #000000;\">\n<section id=\"shopify-section-template--23654255886631__impact_text_GLGNGb\">\n<h2 style=\"text-align: center;\"><strong>G87<\/strong><\/h2>\n<h3 style=\"text-align: center;\"><strong>Minimalus dizainas su tarpiklio strukt\u016bros komfortu.<\/strong><\/h3>\n<\/section>\n<section id=\"shopify-section-template--23654255886631__image_with_text_overlay_WUBTpn\"><picture><source srcset=\"\/\/www.mchose.store\/cdn\/shop\/files\/MCHOSE_G87_1.jpg?v=1734336684&amp;width=400 400w, \/\/www.mchose.store\/cdn\/shop\/files\/MCHOSE_G87_1.jpg?v=1734336684&amp;width=600 600w, \/\/www.mchose.store\/cdn\/shop\/files\/MCHOSE_G87_1.jpg?v=1734336684&amp;width=800 800w, \/\/www.mchose.store\/cdn\/shop\/files\/MCHOSE_G87_1.jpg?v=1734336684&amp;width=1000 1000w, \/\/www.mchose.store\/cdn\/shop\/files\/MCHOSE_G87_1.jpg?v=1734336684&amp;width=1200 1200w\" media=\"(max-width: 699px)\" \/><img loading=\"lazy\" decoding=\"async\" src=\"https:\/\/www.mchose.store\/cdn\/shop\/files\/MCHOSE_G87_2.jpg?v=1734336684&amp;width=2800\" sizes=\"auto, 100vw\" srcset=\"\/\/www.mchose.store\/cdn\/shop\/files\/MCHOSE_G87_2.jpg?v=1734336684&amp;width=200 200w, \/\/www.mchose.store\/cdn\/shop\/files\/MCHOSE_G87_2.jpg?v=1734336684&amp;width=300 300w, \/\/www.mchose.store\/cdn\/shop\/files\/MCHOSE_G87_2.jpg?v=1734336684&amp;width=400 400w, \/\/www.mchose.store\/cdn\/shop\/files\/MCHOSE_G87_2.jpg?v=1734336684&amp;width=500 500w, \/\/www.mchose.store\/cdn\/shop\/files\/MCHOSE_G87_2.jpg?v=1734336684&amp;width=600 600w, \/\/www.mchose.store\/cdn\/shop\/files\/MCHOSE_G87_2.jpg?v=1734336684&amp;width=700 700w, \/\/www.mchose.store\/cdn\/shop\/files\/MCHOSE_G87_2.jpg?v=1734336684&amp;width=800 800w, \/\/www.mchose.store\/cdn\/shop\/files\/MCHOSE_G87_2.jpg?v=1734336684&amp;width=900 900w, \/\/www.mchose.store\/cdn\/shop\/files\/MCHOSE_G87_2.jpg?v=1734336684&amp;width=1000 1000w, \/\/www.mchose.store\/cdn\/shop\/files\/MCHOSE_G87_2.jpg?v=1734336684&amp;width=1200 1200w, \/\/www.mchose.store\/cdn\/shop\/files\/MCHOSE_G87_2.jpg?v=1734336684&amp;width=1400 1400w, \/\/www.mchose.store\/cdn\/shop\/files\/MCHOSE_G87_2.jpg?v=1734336684&amp;width=1600 1600w, \/\/www.mchose.store\/cdn\/shop\/files\/MCHOSE_G87_2.jpg?v=1734336684&amp;width=1800 1800w, \/\/www.mchose.store\/cdn\/shop\/files\/MCHOSE_G87_2.jpg?v=1734336684&amp;width=2000 2000w, \/\/www.mchose.store\/cdn\/shop\/files\/MCHOSE_G87_2.jpg?v=1734336684&amp;width=2200 2200w, \/\/www.mchose.store\/cdn\/shop\/files\/MCHOSE_G87_2.jpg?v=1734336684&amp;width=2400 2400w, \/\/www.mchose.store\/cdn\/shop\/files\/MCHOSE_G87_2.jpg?v=1734336684&amp;width=2600 2600w, \/\/www.mchose.store\/cdn\/shop\/files\/MCHOSE_G87_2.jpg?v=1734336684&amp;width=2800 2800w\" alt=\"\" width=\"2800\" height=\"1000\" \/><\/picture><\/section>\n<section id=\"shopify-section-template--23654255886631__rich_text_YzzXNz\">\n<p style=\"text-align: center;\"><strong>G87 mechanin\u0117 klaviat\u016bra perkuria j\u016bs\u0173 ra\u0161ymo ir \u017eaidim\u0173 patirt\u012f. Su savo eleganti\u0161ku 80% i\u0161d\u0117stymu, pritaikomais RGB ap\u0161vietimu ir novatori\u0161ku 3-j\u0173 kryp\u010di\u0173 garso reguliatoriumi, kiekviena detal\u0117 sukurta, kad jaudint\u0173. Nesvarbu, ar j\u016bs \u017eaid\u017eiate, ar dirbate, G87 ergonomi\u0161kas dizainas ir auk\u0161\u010diausios klas\u0117s funkcijos leid\u017eia jums b\u016bti zonoje vis\u0105 dien\u0105. Pakelkite savo nustatymus - atskleiskite savo piln\u0105 potencial\u0105 su G87.<\/strong><\/p>\n<\/section>\n<section id=\"shopify-section-template--23654255886631__media_with_text_yYVVHi\"><img loading=\"lazy\" decoding=\"async\" src=\"https:\/\/www.mchose.store\/cdn\/shop\/files\/MCHOSE_G87_3-Way_Knob.jpg?v=1734336687&amp;width=2000\" sizes=\"auto, (max-width: 999px) 100vw, min(800px, 50vw)\" srcset=\"\/\/www.mchose.store\/cdn\/shop\/files\/MCHOSE_G87_3-Way_Knob.jpg?v=1734336687&amp;width=300 300w, \/\/www.mchose.store\/cdn\/shop\/files\/MCHOSE_G87_3-Way_Knob.jpg?v=1734336687&amp;width=400 400w, \/\/www.mchose.store\/cdn\/shop\/files\/MCHOSE_G87_3-Way_Knob.jpg?v=1734336687&amp;width=500 500w, \/\/www.mchose.store\/cdn\/shop\/files\/MCHOSE_G87_3-Way_Knob.jpg?v=1734336687&amp;width=600 600w, \/\/www.mchose.store\/cdn\/shop\/files\/MCHOSE_G87_3-Way_Knob.jpg?v=1734336687&amp;width=700 700w, \/\/www.mchose.store\/cdn\/shop\/files\/MCHOSE_G87_3-Way_Knob.jpg?v=1734336687&amp;width=800 800w, \/\/www.mchose.store\/cdn\/shop\/files\/MCHOSE_G87_3-Way_Knob.jpg?v=1734336687&amp;width=1000 1000w, \/\/www.mchose.store\/cdn\/shop\/files\/MCHOSE_G87_3-Way_Knob.jpg?v=1734336687&amp;width=1200 1200w, \/\/www.mchose.store\/cdn\/shop\/files\/MCHOSE_G87_3-Way_Knob.jpg?v=1734336687&amp;width=1400 1400w, \/\/www.mchose.store\/cdn\/shop\/files\/MCHOSE_G87_3-Way_Knob.jpg?v=1734336687&amp;width=1600 1600w, \/\/www.mchose.store\/cdn\/shop\/files\/MCHOSE_G87_3-Way_Knob.jpg?v=1734336687&amp;width=1800 1800w, \/\/www.mchose.store\/cdn\/shop\/files\/MCHOSE_G87_3-Way_Knob.jpg?v=1734336687&amp;width=2000 2000w\" alt=\"\" width=\"2000\" height=\"2000\" \/><strong>Tikslus garso valdymas su 3-j\u0173 kryp\u010di\u0173 reguliatoriumi<\/strong><strong>Lengvai valdykite su novatori\u0161ku 3-j\u0173 kryp\u010di\u0173 garso reguliatoriumi, pagamintu i\u0161 patvaraus cinko lydinio. M\u0117gaukit\u0117s skland\u017eiais, vieno pir\u0161to reguliavimais su tiksliu taktiliniu atsaku - slinkite kair\u0117n, kad suma\u017eintum\u0117te gars\u0105, de\u0161in\u0117n, kad padidintum\u0117te, arba paspauskite, kad nutildytum\u0117te\/\u012fjungtum\u0117te. Nesvarbu, ar \u017eaid\u017eiate, dirbate, ar m\u0117gaujat\u0117s medijomis, valdymas yra sklandus ir intuityvus.<\/strong><\/p>\n<p><img loading=\"lazy\" decoding=\"async\" src=\"https:\/\/www.mchose.store\/cdn\/shop\/files\/Superior_HiFi_Mahjong_Sound_e4610630-8b3e-439d-bb5c-8659e9019a29.jpg?v=1734336686&amp;width=2000\" sizes=\"auto, (max-width: 999px) 100vw, min(800px, 50vw)\" srcset=\"\/\/www.mchose.store\/cdn\/shop\/files\/Superior_HiFi_Mahjong_Sound_e4610630-8b3e-439d-bb5c-8659e9019a29.jpg?v=1734336686&amp;width=300 300w, \/\/www.mchose.store\/cdn\/shop\/files\/Superior_HiFi_Mahjong_Sound_e4610630-8b3e-439d-bb5c-8659e9019a29.jpg?v=1734336686&amp;width=400 400w, \/\/www.mchose.store\/cdn\/shop\/files\/Superior_HiFi_Mahjong_Sound_e4610630-8b3e-439d-bb5c-8659e9019a29.jpg?v=1734336686&amp;width=500 500w, \/\/www.mchose.store\/cdn\/shop\/files\/Superior_HiFi_Mahjong_Sound_e4610630-8b3e-439d-bb5c-8659e9019a29.jpg?v=1734336686&amp;width=600 600w, \/\/www.mchose.store\/cdn\/shop\/files\/Superior_HiFi_Mahjong_Sound_e4610630-8b3e-439d-bb5c-8659e9019a29.jpg?v=1734336686&amp;width=700 700w, \/\/www.mchose.store\/cdn\/shop\/files\/Superior_HiFi_Mahjong_Sound_e4610630-8b3e-439d-bb5c-8659e9019a29.jpg?v=1734336686&amp;width=800 800w, \/\/www.mchose.store\/cdn\/shop\/files\/Superior_HiFi_Mahjong_Sound_e4610630-8b3e-439d-bb5c-8659e9019a29.jpg?v=1734336686&amp;width=1000 1000w, \/\/www.mchose.store\/cdn\/shop\/files\/Superior_HiFi_Mahjong_Sound_e4610630-8b3e-439d-bb5c-8659e9019a29.jpg?v=1734336686&amp;width=1200 1200w, \/\/www.mchose.store\/cdn\/shop\/files\/Superior_HiFi_Mahjong_Sound_e4610630-8b3e-439d-bb5c-8659e9019a29.jpg?v=1734336686&amp;width=1400 1400w, \/\/www.mchose.store\/cdn\/shop\/files\/Superior_HiFi_Mahjong_Sound_e4610630-8b3e-439d-bb5c-8659e9019a29.jpg?v=1734336686&amp;width=1600 1600w, \/\/www.mchose.store\/cdn\/shop\/files\/Superior_HiFi_Mahjong_Sound_e4610630-8b3e-439d-bb5c-8659e9019a29.jpg?v=1734336686&amp;width=1800 1800w, \/\/www.mchose.store\/cdn\/shop\/files\/Superior_HiFi_Mahjong_Sound_e4610630-8b3e-439d-bb5c-8659e9019a29.jpg?v=1734336686&amp;width=2000 2000w\" alt=\"\" width=\"2000\" height=\"2000\" \/><\/p>\n<p style=\"text-align: center;\"><strong>Auk\u0161\u010diausios klas\u0117s HiFi Mahjong garsas<\/strong><\/p>\n<p style=\"text-align: center;\"><strong>Pasinerkite \u012f auk\u0161\u010diausios klas\u0117s klausymo patirt\u012f. Klaviat\u016bros HiFi Mahjong garso sistema, kartu su 5 sluoksni\u0173 mink\u0161tu tarpikliu, suteikia \u0161varius, triuk\u0161mo neturin\u010dius klavi\u0161\u0173 paspaudimus. Svoris vir\u0161 1000g, \u0161is dizainas puikiai u\u017efiksuoja kiekvien\u0105 klavi\u0161o paspaudim\u0105, u\u017etikrindamas turting\u0105, reaguojant\u012f garso profil\u012f.<\/strong><\/p>\n<p><img loading=\"lazy\" decoding=\"async\" src=\"https:\/\/www.mchose.store\/cdn\/shop\/files\/MCHOSE_G87_10_000mAh_Battery.jpg?v=1734336685&amp;width=2000\" sizes=\"auto, (max-width: 999px) 100vw, min(800px, 50vw)\" srcset=\"\/\/www.mchose.store\/cdn\/shop\/files\/MCHOSE_G87_10_000mAh_Battery.jpg?v=1734336685&amp;width=300 300w, \/\/www.mchose.store\/cdn\/shop\/files\/MCHOSE_G87_10_000mAh_Battery.jpg?v=1734336685&amp;width=400 400w, \/\/www.mchose.store\/cdn\/shop\/files\/MCHOSE_G87_10_000mAh_Battery.jpg?v=1734336685&amp;width=500 500w, \/\/www.mchose.store\/cdn\/shop\/files\/MCHOSE_G87_10_000mAh_Battery.jpg?v=1734336685&amp;width=600 600w, \/\/www.mchose.store\/cdn\/shop\/files\/MCHOSE_G87_10_000mAh_Battery.jpg?v=1734336685&amp;width=700 700w, \/\/www.mchose.store\/cdn\/shop\/files\/MCHOSE_G87_10_000mAh_Battery.jpg?v=1734336685&amp;width=800 800w, \/\/www.mchose.store\/cdn\/shop\/files\/MCHOSE_G87_10_000mAh_Battery.jpg?v=1734336685&amp;width=1000 1000w, \/\/www.mchose.store\/cdn\/shop\/files\/MCHOSE_G87_10_000mAh_Battery.jpg?v=1734336685&amp;width=1200 1200w, \/\/www.mchose.store\/cdn\/shop\/files\/MCHOSE_G87_10_000mAh_Battery.jpg?v=1734336685&amp;width=1400 1400w, \/\/www.mchose.store\/cdn\/shop\/files\/MCHOSE_G87_10_000mAh_Battery.jpg?v=1734336685&amp;width=1600 1600w, \/\/www.mchose.store\/cdn\/shop\/files\/MCHOSE_G87_10_000mAh_Battery.jpg?v=1734336685&amp;width=1800 1800w, \/\/www.mchose.store\/cdn\/shop\/files\/MCHOSE_G87_10_000mAh_Battery.jpg?v=1734336685&amp;width=2000 2000w\" alt=\"\" width=\"2000\" height=\"2000\" \/><\/p>\n<p style=\"text-align: center;\"><strong>10,000mAh baterija su NTC i\u0161maniuoju temperat\u016bros valdymu<\/strong><\/p>\n<p style=\"text-align: center;\"><strong>Su tvirta 10,000mAh baterija m\u0117gaukit\u0117s iki 111 dien\u0173 nenutr\u016bkstamo naudojimo. D\u0117l NTC i\u0161maniojo temperat\u016bros valdymo \u0161i klaviat\u016bra optimizuoja energijos valdym\u0105, u\u017etikrindama nuosekl\u0173 na\u0161um\u0105 ir ilgesn\u012f tarnavimo laik\u0105.<\/strong><\/p>\n<p><img loading=\"lazy\" decoding=\"async\" src=\"https:\/\/www.mchose.store\/cdn\/shop\/files\/MCHOSE_G87_Dual-Driver_Support.jpg?v=1734336687&amp;width=2000\" sizes=\"auto, (max-width: 999px) 100vw, min(800px, 50vw)\" srcset=\"\/\/www.mchose.store\/cdn\/shop\/files\/MCHOSE_G87_Dual-Driver_Support.jpg?v=1734336687&amp;width=300 300w, \/\/www.mchose.store\/cdn\/shop\/files\/MCHOSE_G87_Dual-Driver_Support.jpg?v=1734336687&amp;width=400 400w, \/\/www.mchose.store\/cdn\/shop\/files\/MCHOSE_G87_Dual-Driver_Support.jpg?v=1734336687&amp;width=500 500w, \/\/www.mchose.store\/cdn\/shop\/files\/MCHOSE_G87_Dual-Driver_Support.jpg?v=1734336687&amp;width=600 600w, \/\/www.mchose.store\/cdn\/shop\/files\/MCHOSE_G87_Dual-Driver_Support.jpg?v=1734336687&amp;width=700 700w, \/\/www.mchose.store\/cdn\/shop\/files\/MCHOSE_G87_Dual-Driver_Support.jpg?v=1734336687&amp;width=800 800w, \/\/www.mchose.store\/cdn\/shop\/files\/MCHOSE_G87_Dual-Driver_Support.jpg?v=1734336687&amp;width=1000 1000w, \/\/www.mchose.store\/cdn\/shop\/files\/MCHOSE_G87_Dual-Driver_Support.jpg?v=1734336687&amp;width=1200 1200w, \/\/www.mchose.store\/cdn\/shop\/files\/MCHOSE_G87_Dual-Driver_Support.jpg?v=1734336687&amp;width=1400 1400w, \/\/www.mchose.store\/cdn\/shop\/files\/MCHOSE_G87_Dual-Driver_Support.jpg?v=1734336687&amp;width=1600 1600w, \/\/www.mchose.store\/cdn\/shop\/files\/MCHOSE_G87_Dual-Driver_Support.jpg?v=1734336687&amp;width=1800 1800w, \/\/www.mchose.store\/cdn\/shop\/files\/MCHOSE_G87_Dual-Driver_Support.jpg?v=1734336687&amp;width=2000 2000w\" alt=\"\" width=\"2000\" height=\"2000\" \/><\/p>\n<p style=\"text-align: center;\"><strong>Dviej\u0173 vairuotoj\u0173 palaikymas: MCHOSE centras ir interneto vairuotojas<\/strong><\/p>\n<p style=\"text-align: center;\"><strong>Atverkite neribot\u0105 pritaikym\u0105 su MCHOSE savaranki\u0161kai sukurtu interneto vairuotoju, si\u016blan\u010diu visi\u0161k\u0105 klavi\u0161\u0173 perprogramavim\u0105, makrokomandas ir dinami\u0161kus ap\u0161vietimo efektus. Pritaikykite savo nustatymus pagal savo tikslius poreikius - nesvarbu, ar tai \u017eaidim\u0173 tikslumas, ar profesional\u016bs spartieji klavi\u0161ai, \u0161i funkcija prisitaiko prie j\u016bs\u0173 darbo proceso.<\/strong><\/p>\n<p><img loading=\"lazy\" decoding=\"async\" src=\"https:\/\/www.mchose.store\/cdn\/shop\/files\/MCHOSE_G87_Ergonomic_Design_for_Maximum_Comfort.jpg?v=1734336686&amp;width=2000\" sizes=\"auto, (max-width: 999px) 100vw, min(800px, 50vw)\" srcset=\"\/\/www.mchose.store\/cdn\/shop\/files\/MCHOSE_G87_Ergonomic_Design_for_Maximum_Comfort.jpg?v=1734336686&amp;width=300 300w, \/\/www.mchose.store\/cdn\/shop\/files\/MCHOSE_G87_Ergonomic_Design_for_Maximum_Comfort.jpg?v=1734336686&amp;width=400 400w, \/\/www.mchose.store\/cdn\/shop\/files\/MCHOSE_G87_Ergonomic_Design_for_Maximum_Comfort.jpg?v=1734336686&amp;width=500 500w, \/\/www.mchose.store\/cdn\/shop\/files\/MCHOSE_G87_Ergonomic_Design_for_Maximum_Comfort.jpg?v=1734336686&amp;width=600 600w, \/\/www.mchose.store\/cdn\/shop\/files\/MCHOSE_G87_Ergonomic_Design_for_Maximum_Comfort.jpg?v=1734336686&amp;width=700 700w, \/\/www.mchose.store\/cdn\/shop\/files\/MCHOSE_G87_Ergonomic_Design_for_Maximum_Comfort.jpg?v=1734336686&amp;width=800 800w, \/\/www.mchose.store\/cdn\/shop\/files\/MCHOSE_G87_Ergonomic_Design_for_Maximum_Comfort.jpg?v=1734336686&amp;width=1000 1000w, \/\/www.mchose.store\/cdn\/shop\/files\/MCHOSE_G87_Ergonomic_Design_for_Maximum_Comfort.jpg?v=1734336686&amp;width=1200 1200w, \/\/www.mchose.store\/cdn\/shop\/files\/MCHOSE_G87_Ergonomic_Design_for_Maximum_Comfort.jpg?v=1734336686&amp;width=1400 1400w, \/\/www.mchose.store\/cdn\/shop\/files\/MCHOSE_G87_Ergonomic_Design_for_Maximum_Comfort.jpg?v=1734336686&amp;width=1600 1600w, \/\/www.mchose.store\/cdn\/shop\/files\/MCHOSE_G87_Ergonomic_Design_for_Maximum_Comfort.jpg?v=1734336686&amp;width=1800 1800w, \/\/www.mchose.store\/cdn\/shop\/files\/MCHOSE_G87_Ergonomic_Design_for_Maximum_Comfort.jpg?v=1734336686&amp;width=2000 2000w\" alt=\"\" width=\"2000\" height=\"2000\" \/><\/p>\n<p style=\"text-align: center;\"><strong>Ergonomi\u0161kas dizainas maksimaliai komfortui<\/strong><\/p>\n<p style=\"text-align: center;\"><strong>Sukurta visos dienos komfortui, \u0161i klaviat\u016bra turi \u017eem\u0105 priekin\u0119 dal\u012f (19.3mm) ir auk\u0161t\u0105 galin\u0119 dal\u012f, kartu su dvigubai reguliuojamais pakojais. \u0160is ergonomi\u0161kas dizainas suma\u017eina rie\u0161o \u012ftamp\u0105, teikdamas param\u0105 ilgoms ra\u0161ymo ar \u017eaidim\u0173 sesijoms.<\/strong><\/p>\n<p><img loading=\"lazy\" decoding=\"async\" src=\"https:\/\/www.mchose.store\/cdn\/shop\/files\/MCHOSE_G87_tri_mode_f28c156e-ae41-4fa9-9fc4-68ee46c83c66.jpg?v=1734340912&amp;width=2000\" sizes=\"auto, (max-width: 999px) 100vw, min(800px, 50vw)\" srcset=\"\/\/www.mchose.store\/cdn\/shop\/files\/MCHOSE_G87_tri_mode_f28c156e-ae41-4fa9-9fc4-68ee46c83c66.jpg?v=1734340912&amp;width=300 300w, \/\/www.mchose.store\/cdn\/shop\/files\/MCHOSE_G87_tri_mode_f28c156e-ae41-4fa9-9fc4-68ee46c83c66.jpg?v=1734340912&amp;width=400 400w, \/\/www.mchose.store\/cdn\/shop\/files\/MCHOSE_G87_tri_mode_f28c156e-ae41-4fa9-9fc4-68ee46c83c66.jpg?v=1734340912&amp;width=500 500w, \/\/www.mchose.store\/cdn\/shop\/files\/MCHOSE_G87_tri_mode_f28c156e-ae41-4fa9-9fc4-68ee46c83c66.jpg?v=1734340912&amp;width=600 600w, \/\/www.mchose.store\/cdn\/shop\/files\/MCHOSE_G87_tri_mode_f28c156e-ae41-4fa9-9fc4-68ee46c83c66.jpg?v=1734340912&amp;width=700 700w, \/\/www.mchose.store\/cdn\/shop\/files\/MCHOSE_G87_tri_mode_f28c156e-ae41-4fa9-9fc4-68ee46c83c66.jpg?v=1734340912&amp;width=800 800w, \/\/www.mchose.store\/cdn\/shop\/files\/MCHOSE_G87_tri_mode_f28c156e-ae41-4fa9-9fc4-68ee46c83c66.jpg?v=1734340912&amp;width=1000 1000w, \/\/www.mchose.store\/cdn\/shop\/files\/MCHOSE_G87_tri_mode_f28c156e-ae41-4fa9-9fc4-68ee46c83c66.jpg?v=1734340912&amp;width=1200 1200w, \/\/www.mchose.store\/cdn\/shop\/files\/MCHOSE_G87_tri_mode_f28c156e-ae41-4fa9-9fc4-68ee46c83c66.jpg?v=1734340912&amp;width=1400 1400w, \/\/www.mchose.store\/cdn\/shop\/files\/MCHOSE_G87_tri_mode_f28c156e-ae41-4fa9-9fc4-68ee46c83c66.jpg?v=1734340912&amp;width=1600 1600w, \/\/www.mchose.store\/cdn\/shop\/files\/MCHOSE_G87_tri_mode_f28c156e-ae41-4fa9-9fc4-68ee46c83c66.jpg?v=1734340912&amp;width=1800 1800w, \/\/www.mchose.store\/cdn\/shop\/files\/MCHOSE_G87_tri_mode_f28c156e-ae41-4fa9-9fc4-68ee46c83c66.jpg?v=1734340912&amp;width=2000 2000w\" alt=\"\" width=\"2000\" height=\"2000\" \/><\/p>\n<p style=\"text-align: center;\"><strong>Prisijunkite prie 3 \u012frengini\u0173 vienu metu<\/strong><\/p>\n<p style=\"text-align: center;\"><strong>Lengvai perjunkite tarp trij\u0173 \u012frengini\u0173 su daugiafunkcine jungtimi. Nuo j\u016bs\u0173 ne\u0161iojamojo kompiuterio iki kompiuterio iki plan\u0161etinio kompiuterio, \u0161i klaviat\u016bra u\u017etikrina skland\u017eius \u012frengini\u0173 per\u0117jimus, nepraleid\u017eiant ritmo.<\/strong><\/p>\n<p><img loading=\"lazy\" decoding=\"async\" src=\"https:\/\/www.mchose.store\/cdn\/shop\/files\/MCHOSE_G87_Magnetic_Dust-Proof_Storage_Slot.jpg?v=1734336687&amp;width=2000\" sizes=\"auto, (max-width: 999px) 100vw, min(800px, 50vw)\" srcset=\"\/\/www.mchose.store\/cdn\/shop\/files\/MCHOSE_G87_Magnetic_Dust-Proof_Storage_Slot.jpg?v=1734336687&amp;width=300 300w, \/\/www.mchose.store\/cdn\/shop\/files\/MCHOSE_G87_Magnetic_Dust-Proof_Storage_Slot.jpg?v=1734336687&amp;width=400 400w, \/\/www.mchose.store\/cdn\/shop\/files\/MCHOSE_G87_Magnetic_Dust-Proof_Storage_Slot.jpg?v=1734336687&amp;width=500 500w, \/\/www.mchose.store\/cdn\/shop\/files\/MCHOSE_G87_Magnetic_Dust-Proof_Storage_Slot.jpg?v=1734336687&amp;width=600 600w, \/\/www.mchose.store\/cdn\/shop\/files\/MCHOSE_G87_Magnetic_Dust-Proof_Storage_Slot.jpg?v=1734336687&amp;width=700 700w, \/\/www.mchose.store\/cdn\/shop\/files\/MCHOSE_G87_Magnetic_Dust-Proof_Storage_Slot.jpg?v=1734336687&amp;width=800 800w, \/\/www.mchose.store\/cdn\/shop\/files\/MCHOSE_G87_Magnetic_Dust-Proof_Storage_Slot.jpg?v=1734336687&amp;width=1000 1000w, \/\/www.mchose.store\/cdn\/shop\/files\/MCHOSE_G87_Magnetic_Dust-Proof_Storage_Slot.jpg?v=1734336687&amp;width=1200 1200w, \/\/www.mchose.store\/cdn\/shop\/files\/MCHOSE_G87_Magnetic_Dust-Proof_Storage_Slot.jpg?v=1734336687&amp;width=1400 1400w, \/\/www.mchose.store\/cdn\/shop\/files\/MCHOSE_G87_Magnetic_Dust-Proof_Storage_Slot.jpg?v=1734336687&amp;width=1600 1600w, \/\/www.mchose.store\/cdn\/shop\/files\/MCHOSE_G87_Magnetic_Dust-Proof_Storage_Slot.jpg?v=1734336687&amp;width=1800 1800w, \/\/www.mchose.store\/cdn\/shop\/files\/MCHOSE_G87_Magnetic_Dust-Proof_Storage_Slot.jpg?v=1734336687&amp;width=2000 2000w\" alt=\"\" width=\"2000\" height=\"2000\" \/><\/p>\n<p style=\"text-align: center;\"><strong>Magnetin\u0117 dulk\u0117ms atspari saugojimo vieta<\/strong><\/p>\n<p style=\"text-align: center;\"><strong>Laikykite savo 2.4G dongl\u0105 saugiai ir lengvai pasiekiam\u0105 magnetin\u0117je dulk\u0117ms atsparioje saugojimo vietoje. Nebereikia jaudintis d\u0117l praradimo - tiesiog \u012fd\u0117kite j\u012f patogiam, be r\u016bpes\u010di\u0173 saugojimui.<\/strong><\/p>\n<p><img loading=\"lazy\" decoding=\"async\" src=\"https:\/\/www.mchose.store\/cdn\/shop\/files\/MCHOSE_G87_Softlight_RGB_for_Eye_Comfort_Dynamic_Style.gif?v=1734336692&amp;width=2000\" sizes=\"auto, (max-width: 999px) 100vw, min(800px, 50vw)\" srcset=\"\/\/www.mchose.store\/cdn\/shop\/files\/MCHOSE_G87_Softlight_RGB_for_Eye_Comfort_Dynamic_Style.gif?v=1734336692&amp;width=300 300w, \/\/www.mchose.store\/cdn\/shop\/files\/MCHOSE_G87_Softlight_RGB_for_Eye_Comfort_Dynamic_Style.gif?v=1734336692&amp;width=400 400w, \/\/www.mchose.store\/cdn\/shop\/files\/MCHOSE_G87_Softlight_RGB_for_Eye_Comfort_Dynamic_Style.gif?v=1734336692&amp;width=500 500w, \/\/www.mchose.store\/cdn\/shop\/files\/MCHOSE_G87_Softlight_RGB_for_Eye_Comfort_Dynamic_Style.gif?v=1734336692&amp;width=600 600w, \/\/www.mchose.store\/cdn\/shop\/files\/MCHOSE_G87_Softlight_RGB_for_Eye_Comfort_Dynamic_Style.gif?v=1734336692&amp;width=700 700w, \/\/www.mchose.store\/cdn\/shop\/files\/MCHOSE_G87_Softlight_RGB_for_Eye_Comfort_Dynamic_Style.gif?v=1734336692&amp;width=800 800w, \/\/www.mchose.store\/cdn\/shop\/files\/MCHOSE_G87_Softlight_RGB_for_Eye_Comfort_Dynamic_Style.gif?v=1734336692&amp;width=1000 1000w, \/\/www.mchose.store\/cdn\/shop\/files\/MCHOSE_G87_Softlight_RGB_for_Eye_Comfort_Dynamic_Style.gif?v=1734336692&amp;width=1200 1200w, \/\/www.mchose.store\/cdn\/shop\/files\/MCHOSE_G87_Softlight_RGB_for_Eye_Comfort_Dynamic_Style.gif?v=1734336692&amp;width=1400 1400w, \/\/www.mchose.store\/cdn\/shop\/files\/MCHOSE_G87_Softlight_RGB_for_Eye_Comfort_Dynamic_Style.gif?v=1734336692&amp;width=1600 1600w, \/\/www.mchose.store\/cdn\/shop\/files\/MCHOSE_G87_Softlight_RGB_for_Eye_Comfort_Dynamic_Style.gif?v=1734336692&amp;width=1800 1800w, \/\/www.mchose.store\/cdn\/shop\/files\/MCHOSE_G87_Softlight_RGB_for_Eye_Comfort_Dynamic_Style.gif?v=1734336692&amp;width=2000 2000w\" alt=\"\" width=\"2000\" height=\"2000\" \/><\/p>\n<p style=\"text-align: center;\"><strong>Mink\u0161tas RGB ap\u0161vietimas akims patogus ir dinami\u0161kas stilius<\/strong><\/p>\n<p style=\"text-align: center;\"><strong>Su 16.8 milijono spalv\u0173 pasirinkim\u0173 ir Mink\u0161to ap\u0161vietimo technologija, \u0161i klaviat\u016bra si\u016blo pritaikom\u0105 ap\u0161vietim\u0105, kuris ne tik pagerina j\u016bs\u0173 nustatymus, bet ir suma\u017eina aki\u0173 \u012ftamp\u0105. Sukurkite dinami\u0161k\u0105, \u012ftraukian\u010di\u0105 aplink\u0105, kuri sinchronizuojasi su j\u016bs\u0173 muzika ar \u017eaidimu.<\/strong><\/p>\n<p><img loading=\"lazy\" decoding=\"async\" src=\"https:\/\/www.mchose.store\/cdn\/shop\/files\/MCHOSE_G87_Hot-Swappable_Keys.jpg?v=1734336687&amp;width=2000\" sizes=\"auto, (max-width: 999px) 100vw, min(800px, 50vw)\" srcset=\"\/\/www.mchose.store\/cdn\/shop\/files\/MCHOSE_G87_Hot-Swappable_Keys.jpg?v=1734336687&amp;width=300 300w, \/\/www.mchose.store\/cdn\/shop\/files\/MCHOSE_G87_Hot-Swappable_Keys.jpg?v=1734336687&amp;width=400 400w, \/\/www.mchose.store\/cdn\/shop\/files\/MCHOSE_G87_Hot-Swappable_Keys.jpg?v=1734336687&amp;width=500 500w, \/\/www.mchose.store\/cdn\/shop\/files\/MCHOSE_G87_Hot-Swappable_Keys.jpg?v=1734336687&amp;width=600 600w, \/\/www.mchose.store\/cdn\/shop\/files\/MCHOSE_G87_Hot-Swappable_Keys.jpg?v=1734336687&amp;width=700 700w, \/\/www.mchose.store\/cdn\/shop\/files\/MCHOSE_G87_Hot-Swappable_Keys.jpg?v=1734336687&amp;width=800 800w, \/\/www.mchose.store\/cdn\/shop\/files\/MCHOSE_G87_Hot-Swappable_Keys.jpg?v=1734336687&amp;width=1000 1000w, \/\/www.mchose.store\/cdn\/shop\/files\/MCHOSE_G87_Hot-Swappable_Keys.jpg?v=1734336687&amp;width=1200 1200w, \/\/www.mchose.store\/cdn\/shop\/files\/MCHOSE_G87_Hot-Swappable_Keys.jpg?v=1734336687&amp;width=1400 1400w, \/\/www.mchose.store\/cdn\/shop\/files\/MCHOSE_G87_Hot-Swappable_Keys.jpg?v=1734336687&amp;width=1600 1600w, \/\/www.mchose.store\/cdn\/shop\/files\/MCHOSE_G87_Hot-Swappable_Keys.jpg?v=1734336687&amp;width=1800 1800w, \/\/www.mchose.store\/cdn\/shop\/files\/MCHOSE_G87_Hot-Swappable_Keys.jpg?v=1734336687&amp;width=2000 2000w\" alt=\"\" width=\"2000\" height=\"2000\" \/><\/p>\n<p style=\"text-align: center;\"><strong>Limitless Customization with Hot-Swappable Keys<\/strong><\/p>\n<p style=\"text-align: center;\"><strong>Enjoy ultimate flexibility with hot-swappable keys, allowing you to easily switch between five-pin or three-pin mechanical switches. Tailor the keyboard to your performance preferences and aesthetic style for a fully personalized typing experience.<\/strong><\/p>\n<\/section>\n<\/div>","protected":false},"excerpt":{"rendered":"<p>G87 Minimal design with the comfort of a gasket structure. The G87 Mechanical Keyboard redefines your typing and gaming experience.<\/p>","protected":false},"featured_media":65711,"template":"","meta":{"_acf_changed":false},"danga":[],"gamintojas":[],"tipas":[],"product_brand":[337],"product_cat":[20],"product_tag":[326],"class_list":{"0":"post-50295","1":"product","2":"type-product","3":"status-publish","4":"has-post-thumbnail","6":"product_brand-mchose","7":"product_cat-zaidimu-klaviaturos","8":"product_tag-mchose","10":"first","11":"outofstock","12":"taxable","13":"shipping-taxable","14":"purchasable","15":"product-type-variable","16":"has-default-attributes"},"bundled_by":[],"bundle_stock_status":"outofstock","bundle_stock_quantity":null,"bundle_virtual":false,"bundle_layout":"","bundle_add_to_cart_form_location":"","bundle_editable_in_cart":false,"bundle_sold_individually_context":"","bundle_item_grouping":"","bundle_min_size":"","bundle_max_size":"","bundle_price":[],"bundled_items":[],"bundle_sell_ids":[],"acf":[],"_links":{"self":[{"href":"https:\/\/klaviaturos.shop\/en\/wp-json\/wp\/v2\/product\/50295","targetHints":{"allow":["GET"]}}],"collection":[{"href":"https:\/\/klaviaturos.shop\/en\/wp-json\/wp\/v2\/product"}],"about":[{"href":"https:\/\/klaviaturos.shop\/en\/wp-json\/wp\/v2\/types\/product"}],"version-history":[{"count":0,"href":"https:\/\/klaviaturos.shop\/en\/wp-json\/wp\/v2\/product\/50295\/revisions"}],"wp:featuredmedia":[{"embeddable":true,"href":"https:\/\/klaviaturos.shop\/en\/wp-json\/wp\/v2\/media\/65711"}],"wp:attachment":[{"href":"https:\/\/klaviaturos.shop\/en\/wp-json\/wp\/v2\/media?parent=50295"}],"wp:term":[{"taxonomy":"danga","embeddable":true,"href":"https:\/\/klaviaturos.shop\/en\/wp-json\/wp\/v2\/danga?post=50295"},{"taxonomy":"gamintojas","embeddable":true,"href":"https:\/\/klaviaturos.shop\/en\/wp-json\/wp\/v2\/gamintojas?post=50295"},{"taxonomy":"tipas","embeddable":true,"href":"https:\/\/klaviaturos.shop\/en\/wp-json\/wp\/v2\/tipas?post=50295"},{"taxonomy":"product_brand","embeddable":true,"href":"https:\/\/klaviaturos.shop\/en\/wp-json\/wp\/v2\/product_brand?post=50295"},{"taxonomy":"product_cat","embeddable":true,"href":"https:\/\/klaviaturos.shop\/en\/wp-json\/wp\/v2\/product_cat?post=50295"},{"taxonomy":"product_tag","embeddable":true,"href":"https:\/\/klaviaturos.shop\/en\/wp-json\/wp\/v2\/product_tag?post=50295"}],"curies":[{"name":"wp","href":"https:\/\/api.w.org\/{rel}","templated":true}]}}