{"id":49553,"date":"2025-04-02T16:36:11","date_gmt":"2025-04-02T13:36:11","guid":{"rendered":"https:\/\/klaviaturos.shop\/?post_type=product&#038;p=49553"},"modified":"2026-04-27T19:34:20","modified_gmt":"2026-04-27T16:34:20","slug":"keyboard-dark-project-alu81a-terra-nova-black-iso-layout","status":"publish","type":"product","link":"https:\/\/klaviaturos.shop\/en\/product-2\/keyboard-dark-project-alu81a-terra-nova-black-iso-layout\/","title":{"rendered":"Keyboard Dark Project ALU81A Terra Nova (Black) ISO Layout"},"content":{"rendered":"<div style=\"font-family: 'Cabin', sans-serif; font-size: 18px; color: #000000;\">\n<h4 style=\"margin-bottom: 1.875rem; color: #747474; line-height: 1.7; font-family: 'Open Sans', Helvetica, Arial, sans-serif; font-size: 14px; font-style: normal; font-variant-ligatures: normal; font-variant-caps: normal; font-weight: 400; letter-spacing: -0.144px;\"><strong>Crafted from molten metal, the frame offers superior material consistency<\/strong><br \/>\n<strong>U\u017etikrinant patikimum\u0105, ilgaam\u017ei\u0161kum\u0105 ir stabil\u0173 buvim\u0105 ant j\u016bs\u0173 stalo.<\/strong><br \/>\n<strong>Auk\u0161to sl\u0117gio liejimo procesas ir kontroliuojamos ekstremalios temperat\u016bros sukuria korpus\u0105 su i\u0161skirtin\u0117mis akustin\u0117mis savyb\u0117mis ir tikrai malonia tekst\u016bra.<\/strong><\/h4>\n<h4 style=\"margin-bottom: 1.875rem; color: #747474; line-height: 1.7; font-family: 'Open Sans', Helvetica, Arial, sans-serif; font-size: 14px; font-style: normal; font-variant-ligatures: normal; font-variant-caps: normal; font-weight: 400; letter-spacing: -0.144px;\"><strong>\u012erenginys, kuris kalba j\u016bs\u0173 kalba<\/strong><br \/>\n<strong>We respect your cultural identity and the language you use, which is why our keyboard supports ten languages.<\/strong><br \/>\n<strong>Each keyboard includes nine additional keycap sets, enabling you to easily switch layouts in under a minute.<\/strong><br \/>\n<strong>No longer will you have to adjust to the keyboard\u2014our keyboard adjusts to you.<\/strong><\/h4>\n<h4 style=\"margin-bottom: 1.875rem; color: #747474; line-height: 1.7; font-family: 'Open Sans', Helvetica, Arial, sans-serif; font-size: 14px; font-style: normal; font-variant-ligatures: normal; font-variant-caps: normal; font-weight: 400; letter-spacing: -0.144px;\"><strong>Refined Aesthetics, Superior Quality<\/strong><br \/>\n<strong>Designed with an ergonomic, slightly rounded CSA profile, the keycaps offer a soft and enjoyable typing experience.<\/strong><br \/>\n<strong>Using doubleshot technology, the legends are molded from an extra layer of plastic, guaranteeing they won\u2019t fade or wear over time.<\/strong><\/h4>\n<h4 style=\"margin-bottom: 1.875rem; color: #747474; line-height: 1.7; font-family: 'Open Sans', Helvetica, Arial, sans-serif; font-size: 14px; font-style: normal; font-variant-ligatures: normal; font-variant-caps: normal; font-weight: 400; letter-spacing: -0.144px;\"><strong>Typing That Delivers a Soothing, Therapeutic Experience<\/strong><br \/>\n<strong>We don\u2019t leave your typing experience to chance, which is why we use g3ms switches, custom-designed by Black Rock.<\/strong><br \/>\n<strong>The g3ms Moonstone box-type switches feature a unique structure for enhanced stability and a remarkably crisp action.<\/strong><br \/>\n<strong>You\u2019ll also enjoy the calming marbly sound, like marbles softly rolling beneath your fingers<\/strong><\/h4>\n<h4 style=\"margin-bottom: 1.875rem; color: #747474; line-height: 1.7; font-family: 'Open Sans', Helvetica, Arial, sans-serif; font-size: 14px; font-style: normal; font-variant-ligatures: normal; font-variant-caps: normal; font-weight: 400; letter-spacing: -0.144px;\"><strong>Bevielis ry\u0161ys<\/strong><br \/>\n<strong>Patikimas bevielis ry\u0161ys, derinamas su galinga 8,000 mAh baterija, leid\u017eia sutvarkyti j\u016bs\u0173 darbo viet\u0105 ir m\u0117gautis ilgalaike beviele patirtimi.<\/strong><\/h4>\n<h4 style=\"margin-bottom: 1.875rem; color: #747474; line-height: 1.7; font-family: 'Open Sans', Helvetica, Arial, sans-serif; font-size: 14px; font-style: normal; font-variant-ligatures: normal; font-variant-caps: normal; font-weight: 400; letter-spacing: -0.144px;\"><strong>RGB<\/strong><br \/>\n<strong>I\u0161siskirkite arba laikykit\u0117s subtilumo\u2014pritaikykite savo RGB ap\u0161vietim\u0105 pagal savo skon\u012f. Su skaidriais polikarbonato jungikliais, ap\u0161vietimas spindi nuostabiai, sukuriant \u012fsp\u016bding\u0105 efekt\u0105.<\/strong><\/h4>\n<\/div>","protected":false},"excerpt":{"rendered":"<p>Crafted from molten metal, the frame offers superior material consistency Ensuring reliability, durability, and a stable presence on your desk.<\/p>","protected":false},"featured_media":65779,"template":"","meta":{"_acf_changed":false},"danga":[],"gamintojas":[],"tipas":[],"product_brand":[333],"product_cat":[20],"product_tag":[260],"class_list":{"0":"post-49553","1":"product","2":"type-product","3":"status-publish","4":"has-post-thumbnail","6":"product_brand-dark-project","7":"product_cat-zaidimu-klaviaturos","8":"product_tag-dark-project","10":"first","11":"instock","12":"taxable","13":"shipping-taxable","14":"purchasable","15":"product-type-variable","16":"has-default-attributes"},"bundled_by":[],"bundle_stock_status":"instock","bundle_stock_quantity":null,"bundle_virtual":false,"bundle_layout":"","bundle_add_to_cart_form_location":"","bundle_editable_in_cart":false,"bundle_sold_individually_context":"","bundle_item_grouping":"","bundle_min_size":"","bundle_max_size":"","bundle_price":[],"bundled_items":[],"bundle_sell_ids":[],"acf":[],"_links":{"self":[{"href":"https:\/\/klaviaturos.shop\/en\/wp-json\/wp\/v2\/product\/49553","targetHints":{"allow":["GET"]}}],"collection":[{"href":"https:\/\/klaviaturos.shop\/en\/wp-json\/wp\/v2\/product"}],"about":[{"href":"https:\/\/klaviaturos.shop\/en\/wp-json\/wp\/v2\/types\/product"}],"version-history":[{"count":0,"href":"https:\/\/klaviaturos.shop\/en\/wp-json\/wp\/v2\/product\/49553\/revisions"}],"wp:featuredmedia":[{"embeddable":true,"href":"https:\/\/klaviaturos.shop\/en\/wp-json\/wp\/v2\/media\/65779"}],"wp:attachment":[{"href":"https:\/\/klaviaturos.shop\/en\/wp-json\/wp\/v2\/media?parent=49553"}],"wp:term":[{"taxonomy":"danga","embeddable":true,"href":"https:\/\/klaviaturos.shop\/en\/wp-json\/wp\/v2\/danga?post=49553"},{"taxonomy":"gamintojas","embeddable":true,"href":"https:\/\/klaviaturos.shop\/en\/wp-json\/wp\/v2\/gamintojas?post=49553"},{"taxonomy":"tipas","embeddable":true,"href":"https:\/\/klaviaturos.shop\/en\/wp-json\/wp\/v2\/tipas?post=49553"},{"taxonomy":"product_brand","embeddable":true,"href":"https:\/\/klaviaturos.shop\/en\/wp-json\/wp\/v2\/product_brand?post=49553"},{"taxonomy":"product_cat","embeddable":true,"href":"https:\/\/klaviaturos.shop\/en\/wp-json\/wp\/v2\/product_cat?post=49553"},{"taxonomy":"product_tag","embeddable":true,"href":"https:\/\/klaviaturos.shop\/en\/wp-json\/wp\/v2\/product_tag?post=49553"}],"curies":[{"name":"wp","href":"https:\/\/api.w.org\/{rel}","templated":true}]}}