{"id":42080,"date":"2024-11-12T18:44:17","date_gmt":"2024-11-12T16:44:17","guid":{"rendered":"https:\/\/klaviaturos.shop\/?post_type=product&#038;p=42080"},"modified":"2026-04-27T20:08:54","modified_gmt":"2026-04-27T17:08:54","slug":"keyboard-dark-project-alu87b-bushido","status":"publish","type":"product","link":"https:\/\/klaviaturos.shop\/en\/product-2\/keyboard-dark-project-alu87b-bushido\/","title":{"rendered":"Keyboard Dark Project ALU87B (Bushido)"},"content":{"rendered":"<div data-elementor-type=\"wp-post\" data-elementor-id=\"42080\" class=\"elementor elementor-42080\">\n\t\t\t\t<div class=\"wd-negative-gap elementor-element elementor-element-44fdd685 e-flex e-con-boxed e-con e-parent\" data-id=\"44fdd685\" data-element_type=\"container\" data-e-type=\"container\">\n\t\t\t\t\t<div class=\"e-con-inner\">\n\t\t\t\t<div class=\"elementor-element elementor-element-68ca0dc color-scheme-inherit text-left elementor-widget elementor-widget-text-editor\" data-id=\"68ca0dc\" data-element_type=\"widget\" data-e-type=\"widget\" data-widget_type=\"text-editor.default\">\n\t\t\t\t<div class=\"elementor-widget-container\">\n\t\t\t\t\t\t\t\t\t<div style=\"font-family: 'Cabin', sans-serif; font-size: 18px; color: #000000;\"><div style=\"font-family: 'Cabin', sans-serif; font-size: 18px; color: #000000;\"><p><strong>Crafted from molten metal, the frame offers superior material consistency<br \/><\/strong>Durability and steadfast presence on your desk are non-negotiable qualities for any metal keyboard.<br \/>High-pressure casting under extreme, controlled temperatures results in a frame with outstanding typing experience and a truly satisfying texture.<\/p><p><strong>A Device That Speaks Your Language<br \/><\/strong>We respect your cultural identity and the language you use, which is why our keyboard supports ten languages.\u00a0<br \/>Each keyboard includes nine additional keycap sets, enabling you to easily switch layouts in under a minute.\u00a0<br \/>No longer will you have to adjust to the keyboard\u2014our keyboard adjusts to you.<\/p><p><strong>Refined Aesthetics, Superior Quality<br \/><\/strong>Designed with an ergonomic, slightly rounded CSA profile, the keycaps offer a soft and enjoyable typing experience. Using doubleshot technology, the legends are molded from an extra layer of plastic, guaranteeing they won\u2019t fade or wear over time.<\/p><p><strong>Typing That Delivers a Soothing, Therapeutic Experience<br \/><\/strong>We don\u2019t leave your typing experience to chance, which is why we use g3ms switches, custom-designed by Black Rock.\u00a0<br \/>The g3ms Moonstone box-type switches feature a unique structure for enhanced stability and a remarkably crisp action.\u00a0<br \/>You\u2019ll also enjoy the calming marbly sound, like marbles softly rolling beneath your fingers<\/p><p><strong>Gasket mount<br \/><\/strong>Gasket mount, polycarbonate plate, flex cuts\u2014sounds complicated? No problem!\u00a0<br \/>Simply put, this keyboard is the Lamborghini of keyboards<\/p><p><strong>I\u0161laisvinkite grei\u010diausius \u0161oninius judesius serveryje<br \/><\/strong>Galite i\u0161 karto pakeisti savo veik\u0117jo krypt\u012f \u017eaidime prie\u0161 paleisdami ankstesn\u012f klavi\u0161\u0105.\u00a0<br \/>M\u016bs\u0173 technologija seka du prie\u0161ingus klavi\u0161us ir registruoja t\u0105, kur\u012f paspaud\u0117te paskutin\u012f.<br \/><strong>*\u0160i\u0105 funkcij\u0105 galima i\u0161jungti, jei pageidaujate.<\/strong><\/p><\/div><\/div>\t\t\t\t\t\t\t\t<\/div>\n\t\t\t\t<\/div>\n\t\t\t\t\t<\/div>\n\t\t\t\t<\/div>\n\t\t\t\t<\/div>","protected":false},"excerpt":{"rendered":"<p>Crafted from molten metal, the frame offers superior material consistencyDurability and steadfast presence on your desk are non-negotiable qualities for<\/p>","protected":false},"featured_media":68949,"template":"","meta":{"_acf_changed":false},"danga":[],"gamintojas":[],"tipas":[],"product_brand":[333],"product_cat":[20],"product_tag":[260],"class_list":{"0":"post-42080","1":"product","2":"type-product","3":"status-publish","4":"has-post-thumbnail","6":"product_brand-dark-project","7":"product_cat-zaidimu-klaviaturos","8":"product_tag-dark-project","10":"first","11":"outofstock","12":"taxable","13":"shipping-taxable","14":"purchasable","15":"product-type-variable","16":"has-default-attributes"},"bundled_by":[],"bundle_stock_status":"outofstock","bundle_stock_quantity":null,"bundle_virtual":false,"bundle_layout":"","bundle_add_to_cart_form_location":"","bundle_editable_in_cart":false,"bundle_sold_individually_context":"","bundle_item_grouping":"","bundle_min_size":"","bundle_max_size":"","bundle_price":[],"bundled_items":[],"bundle_sell_ids":[],"acf":[],"_links":{"self":[{"href":"https:\/\/klaviaturos.shop\/en\/wp-json\/wp\/v2\/product\/42080","targetHints":{"allow":["GET"]}}],"collection":[{"href":"https:\/\/klaviaturos.shop\/en\/wp-json\/wp\/v2\/product"}],"about":[{"href":"https:\/\/klaviaturos.shop\/en\/wp-json\/wp\/v2\/types\/product"}],"version-history":[{"count":0,"href":"https:\/\/klaviaturos.shop\/en\/wp-json\/wp\/v2\/product\/42080\/revisions"}],"wp:featuredmedia":[{"embeddable":true,"href":"https:\/\/klaviaturos.shop\/en\/wp-json\/wp\/v2\/media\/68949"}],"wp:attachment":[{"href":"https:\/\/klaviaturos.shop\/en\/wp-json\/wp\/v2\/media?parent=42080"}],"wp:term":[{"taxonomy":"danga","embeddable":true,"href":"https:\/\/klaviaturos.shop\/en\/wp-json\/wp\/v2\/danga?post=42080"},{"taxonomy":"gamintojas","embeddable":true,"href":"https:\/\/klaviaturos.shop\/en\/wp-json\/wp\/v2\/gamintojas?post=42080"},{"taxonomy":"tipas","embeddable":true,"href":"https:\/\/klaviaturos.shop\/en\/wp-json\/wp\/v2\/tipas?post=42080"},{"taxonomy":"product_brand","embeddable":true,"href":"https:\/\/klaviaturos.shop\/en\/wp-json\/wp\/v2\/product_brand?post=42080"},{"taxonomy":"product_cat","embeddable":true,"href":"https:\/\/klaviaturos.shop\/en\/wp-json\/wp\/v2\/product_cat?post=42080"},{"taxonomy":"product_tag","embeddable":true,"href":"https:\/\/klaviaturos.shop\/en\/wp-json\/wp\/v2\/product_tag?post=42080"}],"curies":[{"name":"wp","href":"https:\/\/api.w.org\/{rel}","templated":true}]}}