{"id":42053,"date":"2024-11-12T18:36:48","date_gmt":"2024-11-12T16:36:48","guid":{"rendered":"https:\/\/klaviaturos.shop\/?post_type=product&#038;p=42053"},"modified":"2026-04-27T20:09:28","modified_gmt":"2026-04-27T17:09:28","slug":"keyboard-dark-project-alu87a-daylight","status":"publish","type":"product","link":"https:\/\/klaviaturos.shop\/en\/product-2\/keyboard-dark-project-alu87a-daylight\/","title":{"rendered":"Keyboard Dark Project ALU87A (Daylight)"},"content":{"rendered":"<div style=\"font-family: 'Cabin', sans-serif; font-size: 18px; color: #000000;\">\n<h4><strong>Forged from molten metal, our frame delivers exceptional material consistency.<\/strong><\/h4>\n<p>&nbsp;<\/p>\n<h4>Durability and steadfast presence on your desk are non-negotiable qualities for any metal keyboard.<\/h4>\n<p>High-pressure casting under extreme, controlled temperatures results in a frame with outstanding typing experience and a truly satisfying texture.<\/p>\n<h4><strong>A Device That Speaks Your Language<\/strong><\/h4>\n<p>&nbsp;<\/p>\n<h4>We respect your cultural identity and the language you use, which is why our keyboard supports ten languages.<\/h4>\n<p>Each keyboard includes nine additional keycap sets, enabling you to easily switch layouts in under a minute.<\/p>\n<p>No longer will you have to adjust to the keyboard\u2014our keyboard adjusts to you.<\/p>\n<h4><strong>Refined Aesthetics, Superior Quality<\/strong><\/h4>\n<p>&nbsp;<\/p>\n<h4>Designed with an ergonomic, slightly rounded CSA profile, the keycaps offer a soft and enjoyable typing experience.<\/h4>\n<p>Using doubleshot technology, the legends are molded from an extra layer of plastic, guaranteeing they won\u2019t fade or wear over time.<\/p>\n<h4><strong>Silent Precision. Lightning-Fast Response<\/strong><\/h4>\n<p>&nbsp;<\/p>\n<h4>We don\u2019t leave your typing experience to chance, which is why we use g3ms switches, custom-designed by Black Rock.<\/h4>\n<p>Highspeed g3ms Zircon switches feature a shortened travel distance for lightning-fast actuation and exceptional response speed.<\/p>\n<p>The extended spring prevents accidental presses and quickly resets the key when released.<\/p>\n<p>These clickless linear switches are additionally treated with premium lubrication for an even quieter and smoother press.<\/p>\n<h4><strong>Floating key + flex design<\/strong><\/h4>\n<p>&nbsp;<\/p>\n<h4>\u0160is klaviat\u016bra turi unikali\u0105 architekt\u016br\u0105 \u2013 tai pirmasis pl\u016bduriuojan\u010di\u0173 klavi\u0161\u0173 klaviat\u016bra, sukurta \u0161velniai lenktis su kiekvienu paspaudimu.<\/h4>\n<h4><strong>I\u0161laisvinkite grei\u010diausius \u0161oninius judesius serveryje<\/strong><\/h4>\n<p>&nbsp;<\/p>\n<h4>Galite i\u0161 karto pakeisti savo veik\u0117jo krypt\u012f \u017eaidime prie\u0161 paleisdami ankstesn\u012f klavi\u0161\u0105.<\/h4>\n<p>M\u016bs\u0173 technologija seka du prie\u0161ingus klavi\u0161us ir registruoja t\u0105, kur\u012f paspaud\u0117te paskutin\u012f.<\/p>\n<p><strong>*\u0160i\u0105 funkcij\u0105 galima i\u0161jungti, jei pageidaujate.<\/strong><\/p>\n<h5><\/h5>\n<\/div>","protected":false},"excerpt":{"rendered":"<p>Forged from molten metal, our frame delivers exceptional material consistency. &nbsp; Durability and steadfast presence on your desk are non-negotiable<\/p>","protected":false},"featured_media":66692,"template":"","meta":{"_acf_changed":false},"danga":[],"gamintojas":[],"tipas":[],"product_brand":[333],"product_cat":[20],"product_tag":[260],"class_list":{"0":"post-42053","1":"product","2":"type-product","3":"status-publish","4":"has-post-thumbnail","6":"product_brand-dark-project","7":"product_cat-zaidimu-klaviaturos","8":"product_tag-dark-project","10":"first","11":"instock","12":"taxable","13":"shipping-taxable","14":"purchasable","15":"product-type-variable","16":"has-default-attributes"},"bundled_by":[],"bundle_stock_status":"instock","bundle_stock_quantity":null,"bundle_virtual":false,"bundle_layout":"","bundle_add_to_cart_form_location":"","bundle_editable_in_cart":false,"bundle_sold_individually_context":"","bundle_item_grouping":"","bundle_min_size":"","bundle_max_size":"","bundle_price":[],"bundled_items":[],"bundle_sell_ids":[],"acf":[],"_links":{"self":[{"href":"https:\/\/klaviaturos.shop\/en\/wp-json\/wp\/v2\/product\/42053","targetHints":{"allow":["GET"]}}],"collection":[{"href":"https:\/\/klaviaturos.shop\/en\/wp-json\/wp\/v2\/product"}],"about":[{"href":"https:\/\/klaviaturos.shop\/en\/wp-json\/wp\/v2\/types\/product"}],"version-history":[{"count":0,"href":"https:\/\/klaviaturos.shop\/en\/wp-json\/wp\/v2\/product\/42053\/revisions"}],"wp:featuredmedia":[{"embeddable":true,"href":"https:\/\/klaviaturos.shop\/en\/wp-json\/wp\/v2\/media\/66692"}],"wp:attachment":[{"href":"https:\/\/klaviaturos.shop\/en\/wp-json\/wp\/v2\/media?parent=42053"}],"wp:term":[{"taxonomy":"danga","embeddable":true,"href":"https:\/\/klaviaturos.shop\/en\/wp-json\/wp\/v2\/danga?post=42053"},{"taxonomy":"gamintojas","embeddable":true,"href":"https:\/\/klaviaturos.shop\/en\/wp-json\/wp\/v2\/gamintojas?post=42053"},{"taxonomy":"tipas","embeddable":true,"href":"https:\/\/klaviaturos.shop\/en\/wp-json\/wp\/v2\/tipas?post=42053"},{"taxonomy":"product_brand","embeddable":true,"href":"https:\/\/klaviaturos.shop\/en\/wp-json\/wp\/v2\/product_brand?post=42053"},{"taxonomy":"product_cat","embeddable":true,"href":"https:\/\/klaviaturos.shop\/en\/wp-json\/wp\/v2\/product_cat?post=42053"},{"taxonomy":"product_tag","embeddable":true,"href":"https:\/\/klaviaturos.shop\/en\/wp-json\/wp\/v2\/product_tag?post=42053"}],"curies":[{"name":"wp","href":"https:\/\/api.w.org\/{rel}","templated":true}]}}