{"id":73020,"date":"2026-04-14T21:38:31","date_gmt":"2026-04-14T18:38:31","guid":{"rendered":"https:\/\/klaviaturos.shop\/?page_id=73020"},"modified":"2026-04-24T16:32:56","modified_gmt":"2026-04-24T13:32:56","slug":"about-us","status":"publish","type":"page","link":"https:\/\/klaviaturos.shop\/en\/about-us\/","title":{"rendered":"About us"},"content":{"rendered":"<div data-elementor-type=\"wp-page\" data-elementor-id=\"73020\" class=\"elementor elementor-73020\">\n\t\t\t\t<div class=\"wd-negative-gap elementor-element elementor-element-246a8b7 e-flex e-con-boxed e-con e-parent\" data-id=\"246a8b7\" data-element_type=\"container\" data-e-type=\"container\">\n\t\t\t\t\t<div class=\"e-con-inner\">\n\t\t<div class=\"elementor-element elementor-element-8671385 e-con-full e-flex e-con e-child\" data-id=\"8671385\" data-element_type=\"container\" data-e-type=\"container\">\n\t\t<div class=\"elementor-element elementor-element-b3a72f4 e-con-full e-flex e-con e-child\" data-id=\"b3a72f4\" data-element_type=\"container\" data-e-type=\"container\" data-settings=\"{&quot;background_background&quot;:&quot;classic&quot;}\">\n\t\t\t\t<div class=\"elementor-element elementor-element-98ee580 elementor-widget__width-auto wd-width-100 elementor-widget elementor-widget-wd_title\" data-id=\"98ee580\" data-element_type=\"widget\" data-e-type=\"widget\" data-widget_type=\"wd_title.default\">\n\t\t\t\t<div class=\"elementor-widget-container\">\n\t\t\t\t\t\t\t<div class=\"title-wrapper wd-set-mb reset-last-child wd-title-color-default wd-title-style-default wd-title-size-default text-left\">\n\n\t\t\t\n\t\t\t<div class=\"liner-continer\">\n\t\t\t\t<h4 class=\"woodmart-title-container title wd-fontsize-l\">About us<\/h4> \n\t\t\t\t\t\t\t<\/div>\n\n\t\t\t\t\t<\/div>\n\t\t\t\t\t\t<\/div>\n\t\t\t\t<\/div>\n\t\t\t\t<div class=\"elementor-element elementor-element-7ba32af elementor-widget elementor-widget-wd_text_block\" data-id=\"7ba32af\" data-element_type=\"widget\" data-e-type=\"widget\" data-widget_type=\"wd_text_block.default\">\n\t\t\t\t<div class=\"elementor-widget-container\">\n\t\t\t\t\t\t\t<div class=\"wd-text-block reset-last-child text-left\">\n\t\t\t\n\t\t\t<p><span style=\"color: #000000;\"><strong>MB Klaviat\u016bros shop<\/strong> - this is a specialized computer peripherals store where you will find carefully selected products for both gaming and everyday work. The company's activity started in 2021 as L. Jovai\u0161a's individual activity, and since June 1, 2023, it has been reorganized into a small community \u201eMB Klaviat\u016bros shop\"<em>\u201c<\/em>.<\/span><\/p><p><span style=\"color: #000000;\">Our main goal is to offer a wide and constantly updated range of computer peripherals and accessories: Keyboards, Mice, Mouse Pads, Headphones, Keyboard keycaps, switches, cables, and other equipment.<\/span><\/p><p><span style=\"color: #000000;\">We collaborate with reliable partners from China, Taiwan, the Netherlands, the USA, Latvia, and Lithuania - among them brands such as: Wooting, Royal Kludge, Keychron, VGN, MCHOSE, KZZI, Dark Project, Ducky, Epomaker, AULA, Redragon, LIT Mousepad, Glorious PC Gaming Race, and others.<\/span><\/p><p><span style=\"color: #000000;\">We value close relationships with suppliers and actively follow market news - this allows us to provide not only products but also useful information to customers. Currently, we offer more than 350 different products, and the range is constantly expanding.<\/span><\/p><p><span style=\"color: #000000;\">Pricing is tailored to different needs - for those looking for an economical solution as well as for those seeking the highest quality. We offer discounts to regular customers.<\/span><\/p><p><span style=\"color: #000000;\">We have created an efficient ordering and delivery system - we deliver products throughout Lithuania within 1\u20133 working days. Please note that the delivery of some products may take a little longer than usual (up to 7 days).<\/span><\/p><p><span style=\"color: #000000;\"><strong>Our team is always ready to help you choose the best keyboard, mouse, headphones, or other equipment according to your needs. We work professionally, quickly, and responsibly.<\/strong><\/span><\/p>\n\t\t\t\t\t<\/div>\n\t\t\t\t\t\t<\/div>\n\t\t\t\t<\/div>\n\t\t\t\t<\/div>\n\t\t\t\t<\/div>\n\t\t<div class=\"wd-sticky-container-lg elementor-element elementor-element-0dda1ec e-con-full elementor-hidden-tablet elementor-hidden-mobile e-flex e-con e-child\" data-id=\"0dda1ec\" data-element_type=\"container\" data-e-type=\"container\">\n\t\t<div class=\"elementor-element elementor-element-c1b444a e-con-full e-flex e-con e-child\" data-id=\"c1b444a\" data-element_type=\"container\" data-e-type=\"container\" data-settings=\"{&quot;background_background&quot;:&quot;classic&quot;}\">\n\t\t\t\t<div class=\"elementor-element elementor-element-1783bf4 wd-width-100 elementor-widget elementor-widget-wd_title\" data-id=\"1783bf4\" data-element_type=\"widget\" data-e-type=\"widget\" data-widget_type=\"wd_title.default\">\n\t\t\t\t<div class=\"elementor-widget-container\">\n\t\t\t\t\t\t\t<div class=\"title-wrapper wd-set-mb reset-last-child wd-title-color-default wd-title-style-default wd-title-size-small text-left\">\n\n\t\t\t\n\t\t\t<div class=\"liner-continer\">\n\t\t\t\t<h4 class=\"woodmart-title-container title wd-fontsize-m\">Need help?<\/h4> \n\t\t\t\t\t\t\t<\/div>\n\n\t\t\t\t\t<\/div>\n\t\t\t\t\t\t<\/div>\n\t\t\t\t<\/div>\n\t\t\t\t<div class=\"elementor-element elementor-element-f58d053 elementor-widget elementor-widget-wd_list\" data-id=\"f58d053\" data-element_type=\"widget\" data-e-type=\"widget\" data-widget_type=\"wd_list.default\">\n\t\t\t\t<div class=\"elementor-widget-container\">\n\t\t\t\t\t\t\t<ul class=\"wd-list color-scheme-custom wd-fontsize-xs wd-type-icon wd-style-default text-left\">\n\t\t\t\t\t\t\t\t\t\t\t<li class=\"elementor-repeater-item-b7e03af\">\n\t\t\t\t\t\t\t\t\t\t\t<span class=\"wd-icon\"><img decoding=\"async\"  src=\"https:\/\/klaviaturos.shop\/wp-content\/uploads\/2026\/04\/phone-1.svg\" title=\"phone-1\" loading=\"lazy\" width=\"32\" height=\"32\"><\/span>\t\t\t\t\t\n\t\t\t\t\t<span class=\"wd-list-content list-content\">\n\t\t\t\t\t\t\t\t\t\t\t\t\t<a  href=\"tel:+37064348226\">\n\t\t\t\t\t\t\t\t+370 643 48226 (LT\/EN)\t\t\t\t\t\t\t<\/a>\n\t\t\t\t\t\t\t\t\t\t\t<\/span>\n\t\t\t\t<\/li>\n\t\t\t\t\t\t\t\t\t\t\t<li class=\"elementor-repeater-item-4329155\">\n\t\t\t\t\t\t\t\t\t\t\t<span class=\"wd-icon\"><img decoding=\"async\"  src=\"https:\/\/klaviaturos.shop\/wp-content\/uploads\/2026\/04\/phone-1.svg\" title=\"phone-1\" loading=\"lazy\" width=\"32\" height=\"32\"><\/span>\t\t\t\t\t\n\t\t\t\t\t<span class=\"wd-list-content list-content\">\n\t\t\t\t\t\t\t\t\t\t\t\t\t<a  href=\"tel:+37064688122\">\n\t\t\t\t\t\t\t\t+370 646 88122 (LT\/EN)\t\t\t\t\t\t\t<\/a>\n\t\t\t\t\t\t\t\t\t\t\t<\/span>\n\t\t\t\t<\/li>\n\t\t\t\t\t\t\t\t\t\t\t<li class=\"elementor-repeater-item-291ad44\">\n\t\t\t\t\t\t\t\t\t\t\t<span class=\"wd-icon\"><img decoding=\"async\"  src=\"https:\/\/klaviaturos.shop\/wp-content\/uploads\/2023\/01\/messenger.svg\" title=\"messenger\" loading=\"lazy\" width=\"32\" height=\"32\"><\/span>\t\t\t\t\t\n\t\t\t\t\t<span class=\"wd-list-content list-content\">\n\t\t\t\t\t\t\t\t\t\t\t\t\t<a  href=\"https:\/\/m.me\/106510355001887\">\n\t\t\t\t\t\t\t\tMessenger\t\t\t\t\t\t\t<\/a>\n\t\t\t\t\t\t\t\t\t\t\t<\/span>\n\t\t\t\t<\/li>\n\t\t\t\t\t\t\t\t\t\t\t<li class=\"elementor-repeater-item-c05932f\">\n\t\t\t\t\t\t\t\t\t\t\t<span class=\"wd-icon\"><img decoding=\"async\"  src=\"https:\/\/klaviaturos.shop\/wp-content\/uploads\/2023\/01\/email.svg\" title=\"email\" loading=\"lazy\" width=\"32\" height=\"32\"><\/span>\t\t\t\t\t\n\t\t\t\t\t<span class=\"wd-list-content list-content\">\n\t\t\t\t\t\t\t\t\t\t\t\t\t<a  href=\"mailto:klaviaturos.shop@gmail.com\">\n\t\t\t\t\t\t\t\tklaviaturos.shop@gmail.com\t\t\t\t\t\t\t<\/a>\n\t\t\t\t\t\t\t\t\t\t\t<\/span>\n\t\t\t\t<\/li>\n\t\t\t\t\t<\/ul>\n\n\t\t\t\t\t\t<\/div>\n\t\t\t\t<\/div>\n\t\t\t\t<div class=\"elementor-element elementor-element-570b7b0 wd-width-100 elementor-widget elementor-widget-wd_title\" data-id=\"570b7b0\" data-element_type=\"widget\" data-e-type=\"widget\" data-widget_type=\"wd_title.default\">\n\t\t\t\t<div class=\"elementor-widget-container\">\n\t\t\t\t\t\t\t<div class=\"title-wrapper wd-set-mb reset-last-child wd-title-color-default wd-title-style-default wd-title-size-small text-left\">\n\n\t\t\t\n\t\t\t<div class=\"liner-continer\">\n\t\t\t\t<h4 class=\"woodmart-title-container title wd-fontsize-m\">Find us<\/h4> \n\t\t\t\t\t\t\t<\/div>\n\n\t\t\t\t\t<\/div>\n\t\t\t\t\t\t<\/div>\n\t\t\t\t<\/div>\n\t\t\t\t<div class=\"elementor-element elementor-element-7dd2ee5 elementor-widget elementor-widget-wd_social_buttons\" data-id=\"7dd2ee5\" data-element_type=\"widget\" data-e-type=\"widget\" data-widget_type=\"wd_social_buttons.default\">\n\t\t\t\t<div class=\"elementor-widget-container\">\n\t\t\t\t\t\t\t\t<div\n\t\t\t\t\t\tclass=\"wd-social-icons wd-style-colored wd-size-default social-follow wd-shape-circle color-scheme-dark text-left\">\n\t\t\t\t\n\t\t\t\t\n\t\t\t\t\t\t\t\t\t<a rel=\"noopener noreferrer nofollow\" href=\"https:\/\/www.facebook.com\/klaviaturos.shop\/\" target=\"_blank\" class=\"wd-social-icon social-facebook\" aria-label=\"Facebook social link\">\n\t\t\t\t\t\t<span class=\"wd-icon\"><\/span>\n\t\t\t\t\t\t\t\t\t\t\t<\/a>\n\t\t\t\t\n\t\t\t\t\n\t\t\t\t\n\t\t\t\t\n\t\t\t\t\t\t\t\t\t<a rel=\"noopener noreferrer nofollow\" href=\"https:\/\/www.instagram.com\/klaviaturos.shop\/\" target=\"_blank\" class=\"wd-social-icon social-instagram\" aria-label=\"Instagram social link\">\n\t\t\t\t\t\t<span class=\"wd-icon\"><\/span>\n\t\t\t\t\t\t\t\t\t\t\t<\/a>\n\t\t\t\t\n\t\t\t\t\n\t\t\t\t\n\t\t\t\t\n\t\t\t\t\n\t\t\t\t\n\t\t\t\t\n\t\t\t\t\n\t\t\t\t\n\t\t\t\t\n\t\t\t\t\n\t\t\t\t\n\t\t\t\t\n\t\t\t\t\n\t\t\t\t\n\t\t\t\t\n\t\t\t\t\n\t\t\t\t\t\t\t\t\t<a rel=\"noopener noreferrer nofollow\" href=\"https:\/\/www.tiktok.com\/@klaviaturos.shop\" target=\"_blank\" class=\"wd-social-icon social-tiktok\" aria-label=\"TikTok social link\">\n\t\t\t\t\t\t<span class=\"wd-icon\"><\/span>\n\t\t\t\t\t\t\t\t\t\t\t<\/a>\n\t\t\t\t\n\t\t\t\t\n\t\t\t\t\n\t\t\t\t\n\t\t\t\t\n\t\t\t<\/div>\n\n\t\t\t\t\t\t<\/div>\n\t\t\t\t<\/div>\n\t\t\t\t<\/div>\n\t\t\t\t<\/div>\n\t\t\t\t\t<\/div>\n\t\t\t\t<\/div>\n\t\t\t\t<\/div>","protected":false},"excerpt":{"rendered":"<p>Apie mus MB Klaviat\u016bros shop &#8211; tai specializuota kompiuterin\u0117s periferijos parduotuv\u0117, kurioje rasite kruop\u0161\u010diai atrinktus produktus tiek \u017eaidimams, tiek kasdieniam<\/p>","protected":false},"author":3898,"featured_media":0,"parent":0,"menu_order":0,"comment_status":"closed","ping_status":"closed","template":"elementor_header_footer","meta":{"_acf_changed":false,"footnotes":""},"class_list":["post-73020","page","type-page","status-publish","hentry"],"acf":[],"_links":{"self":[{"href":"https:\/\/klaviaturos.shop\/en\/wp-json\/wp\/v2\/pages\/73020","targetHints":{"allow":["GET"]}}],"collection":[{"href":"https:\/\/klaviaturos.shop\/en\/wp-json\/wp\/v2\/pages"}],"about":[{"href":"https:\/\/klaviaturos.shop\/en\/wp-json\/wp\/v2\/types\/page"}],"author":[{"embeddable":true,"href":"https:\/\/klaviaturos.shop\/en\/wp-json\/wp\/v2\/users\/3898"}],"replies":[{"embeddable":true,"href":"https:\/\/klaviaturos.shop\/en\/wp-json\/wp\/v2\/comments?post=73020"}],"version-history":[{"count":0,"href":"https:\/\/klaviaturos.shop\/en\/wp-json\/wp\/v2\/pages\/73020\/revisions"}],"wp:attachment":[{"href":"https:\/\/klaviaturos.shop\/en\/wp-json\/wp\/v2\/media?parent=73020"}],"curies":[{"name":"wp","href":"https:\/\/api.w.org\/{rel}","templated":true}]}}