{"id":16006,"date":"2023-12-02T08:17:37","date_gmt":"2023-12-02T08:17:37","guid":{"rendered":"https:\/\/klaviaturos.shop\/?page_id=16006"},"modified":"2026-04-24T16:22:37","modified_gmt":"2026-04-24T13:22:37","slug":"privacy-policy","status":"publish","type":"page","link":"https:\/\/klaviaturos.shop\/en\/privacy-policy\/","title":{"rendered":"Privacy policy"},"content":{"rendered":"<div data-elementor-type=\"wp-page\" data-elementor-id=\"16006\" class=\"elementor elementor-16006\">\n\t\t\t\t<div class=\"wd-negative-gap elementor-element elementor-element-3b90948 e-flex e-con-boxed e-con e-parent\" data-id=\"3b90948\" data-element_type=\"container\" data-e-type=\"container\">\n\t\t\t\t\t<div class=\"e-con-inner\">\n\t\t<div class=\"elementor-element elementor-element-1043b47 e-con-full e-flex e-con e-child\" data-id=\"1043b47\" data-element_type=\"container\" data-e-type=\"container\">\n\t\t<div class=\"elementor-element elementor-element-5bf070e e-con-full e-flex e-con e-child\" data-id=\"5bf070e\" data-element_type=\"container\" data-e-type=\"container\" data-settings=\"{&quot;background_background&quot;:&quot;classic&quot;}\">\n\t\t\t\t<div class=\"elementor-element elementor-element-c5e3e38 wd-width-100 elementor-widget elementor-widget-wd_title\" data-id=\"c5e3e38\" data-element_type=\"widget\" data-e-type=\"widget\" data-widget_type=\"wd_title.default\">\n\t\t\t\t<div class=\"elementor-widget-container\">\n\t\t\t\t\t\t\t<div class=\"title-wrapper wd-set-mb reset-last-child wd-title-color-default wd-title-style-default wd-title-size-default text-left\">\n\n\t\t\t\n\t\t\t<div class=\"liner-continer\">\n\t\t\t\t<h4 class=\"woodmart-title-container title wd-fontsize-l\">Privacy policy<\/h4> \n\t\t\t\t\t\t\t<\/div>\n\n\t\t\t\t\t<\/div>\n\t\t\t\t\t\t<\/div>\n\t\t\t\t<\/div>\n\t\t\t\t<div class=\"elementor-element elementor-element-737f179 color-scheme-inherit text-left elementor-widget elementor-widget-text-editor\" data-id=\"737f179\" data-element_type=\"widget\" data-e-type=\"widget\" data-widget_type=\"text-editor.default\">\n\t\t\t\t<div class=\"elementor-widget-container\">\n\t\t\t\t\t\t\t\t\t<h3 class=\"body\" dir=\"auto\"><strong><span style=\"color: #000000;\">1. General provisions<\/span><\/strong><\/h3><p class=\"body\" dir=\"auto\"><span style=\"color: #000000;\">1.1 This privacy policy regulates the main principles and procedures for the collection, processing, and storage of data by MB Klaviat\u016bros shop's online store (hereinafter <a style=\"color: #000000;\" href=\"https:\/\/klaviaturos.shop\/en\/\" target=\"_blank\" rel=\"noopener\">www.klaviaturos.shop<\/a>) and <a style=\"color: #000000;\" href=\"https:\/\/klaviaturos.shop\/en\/\" target=\"_blank\" rel=\"noopener\">www.klaviaturos.shop<\/a> the customer (hereinafter You, Your).<\/span><br \/><span style=\"color: #000000;\">1.2 The collection, processing, and storage of your personal data is governed by this privacy policy, the Republic of Lithuania Law on Legal Protection of Personal Data, and other legal acts.<\/span><br \/><span style=\"color: #000000;\">1.3 In the online store <a style=\"color: #000000;\" href=\"https:\/\/klaviaturos.shop\/en\/\" target=\"_blank\" rel=\"noopener\">www.klaviaturos.shop<\/a> by providing your personal data, you agree that <a style=\"color: #000000;\" href=\"https:\/\/klaviaturos.shop\/en\/\" target=\"_blank\" rel=\"noopener\">www.klaviaturos.shop<\/a><a style=\"color: #000000;\" href=\"http:\/\/www.ocpc.lt\/\" target=\"_blank\" rel=\"noopener\">t<\/a> they will be managed and processed for the purposes, means, and procedures specified in this privacy policy and legal acts.<\/span><br \/><span style=\"color: #000000;\">1.4 <a style=\"color: #000000;\" href=\"https:\/\/klaviaturos.shop\/en\/\" target=\"_blank\" rel=\"noopener\">www.klaviaturos.shop<\/a> is committed to selling goods to individuals who are at least 18 years old. If you are under 18 years old, you may shop in our online store only with the permission of your parents or guardians.<\/span><\/p><h3 class=\"body\" dir=\"auto\"><strong><span style=\"color: #000000;\">2. Collection, processing, and storage of personal data<\/span><\/strong><\/h3><p class=\"body\" dir=\"auto\"><span style=\"color: #000000;\">2.1 <a style=\"color: #000000;\" href=\"https:\/\/klaviaturos.shop\/en\/\" target=\"_blank\" rel=\"noopener\">www.klaviaturos.shop<\/a> collects and continues to process the following data that you provide yourself when visiting, registering, inquiring, or shopping in the online store: name, surname, <a style=\"color: #000000;\" href=\"http:\/\/el.pa\/\" target=\"_blank\" rel=\"noopener\">email<\/a>address, phone number, registration date, data related to the order of goods, correspondence directly or <a style=\"color: #000000;\" href=\"http:\/\/el.pa\/\" target=\"_blank\" rel=\"noopener\">email<\/a>indirectly, and information whose content <a style=\"color: #000000;\" href=\"https:\/\/klaviaturos.shop\/en\/\" target=\"_blank\" rel=\"noopener\">www.klaviaturos.shop<\/a> cannot be predicted and determined (inquiries, messages, etc.), any other data that you provide additionally on your own initiative when registering or shopping in the online store.<\/span><br \/><span style=\"color: #000000;\">2.2 Personal data is collected for defined and lawful purposes.<\/span><br \/><span style=\"color: #000000;\">2.3 Personal data is processed accurately and fairly.<\/span><br \/><span style=\"color: #000000;\">2.4 Personal data is stored no longer than required by the established data processing rules.<\/span><br \/><span style=\"color: #000000;\">2.5 Personal data is processed only by competent persons who have been granted such rights.<\/span><br \/><span style=\"color: #000000;\">2.6 All information about processed data is confidential.<\/span><br \/><span style=\"color: #000000;\">2.7 Your personal data is processed for the following purposes:<\/span><br \/><span style=\"color: #000000;\">2.7.1 Executing your product orders.<\/span><br \/><span style=\"color: #000000;\">2.7.2 Issuing financial documents (e.g. invoices).<\/span><br \/><span style=\"color: #000000;\">2.7.3 Resolving issues related to the preparation, submission, and delivery of goods.<\/span><br \/><span style=\"color: #000000;\">2.10 Data controller <a style=\"color: #000000;\" href=\"https:\/\/klaviaturos.shop\/en\/\" target=\"_blank\" rel=\"noopener\">www.klaviaturos.shop<\/a> is not responsible for the security and privacy of information collected by third parties.<\/span><\/p><h3 class=\"body\" dir=\"auto\"><strong><span style=\"color: #000000;\">3. Data modification.<\/span><\/strong><\/h3><p class=\"body\" dir=\"auto\"><span style=\"color: #000000;\">3.1 The data provided in the registration form, when sending inquiries, or shopping in the online store must be complete and accurate.<\/span><br \/><span style=\"color: #000000;\">3.2 If the information provided is inaccurate, incorrect, false, or misleading, <a style=\"color: #000000;\" href=\"https:\/\/klaviaturos.shop\/en\/\" target=\"_blank\" rel=\"noopener\">www.klaviaturos.shop<\/a> reserves the right to cancel your registration, delete the submitted incorrect data, or even restrict your ability to use the online store.<\/span><br \/><span style=\"color: #000000;\">3.3 The customer has the right to correct or update the provided information at any time, by notifying at <span style=\"text-decoration: underline;\"><strong><a href=\"mailto:klaviaturos.shop@gmail.com\">klaviaturos.shop@gmail.com<\/a><\/strong><\/span> or contacting directly by phone <span style=\"text-decoration: underline;\"><strong><a href=\"tel: +37064688122\">+370 646 88122<\/a><\/strong><\/span><strong> ; <span style=\"text-decoration: underline;\"><a href=\"tel: +37064348226\">+370 643 48226<\/a><\/span><\/strong><\/span><\/p><h3 class=\"body\" dir=\"auto\"><strong><span style=\"color: #000000;\">4. Changes to the rules and final provisions.<\/span><\/strong><\/h3><p class=\"body\" dir=\"auto\"><span style=\"color: #000000;\">4.1 <a style=\"color: #000000;\" href=\"https:\/\/klaviaturos.shop\/en\/\" target=\"_blank\" rel=\"noopener\">www.klaviaturos.shop<\/a> reserves the right to amend the privacy policy terms by notifying in the online store.<\/span><br \/><span style=\"color: #000000;\">4.2 Further use <a style=\"color: #000000;\" href=\"https:\/\/klaviaturos.shop\/en\/\" target=\"_blank\" rel=\"noopener\">www.klaviaturos.shop<\/a> of the online store means acceptance of these rules.<\/span><br \/><span style=\"color: #000000;\">4.3 Any disputes or disagreements are resolved through negotiations. If an agreement cannot be reached, disputes are resolved according to the laws of the Republic of Lithuania.<br \/><\/span><span style=\"color: #000000;\">4.4 This privacy policy is reviewed and updated at least once a year or when there are changes in the legislation regulating the management of the privacy policy.<\/span><br \/><span style=\"color: #000000;\">4.5 <a style=\"color: #000000;\" href=\"https:\/\/klaviaturos.shop\/en\/\" target=\"_blank\" rel=\"noopener\">www.klaviaturos.shop<\/a>, employees, related or authorized persons, as well as website visitors must comply with the conditions and obligations set forth in the privacy policy. In performing their functions, they must adhere to the principles established in this privacy policy.<\/span><\/p><p class=\"body\" dir=\"auto\"><span style=\"color: #000000;\">Customers who notice discrepancies in this privacy policy, security gaps, or have other observations are kindly invited to contact us <a style=\"color: #000000;\" href=\"http:\/\/el.pa\/\" target=\"_blank\" rel=\"noopener\">email<\/a>at <a href=\"mailto:klaviaturos.shop@gmail.com\"><span style=\"text-decoration: underline;\"><strong>klaviaturos.shop@gmail.com,<\/strong><\/span><\/a> phone <a href=\"tel:+37064688122\"><span style=\"text-decoration: underline;\"><strong>+370 646 88122<\/strong><\/span><\/a>; <strong><span style=\"text-decoration: underline;\"><a href=\"tel: +37064348226\">+370 643 48226<\/a><\/span><\/strong> or come to the address Kaunas, Amaliai agurkli\u0173 takas 3.<\/span><\/p>\t\t\t\t\t\t\t\t<\/div>\n\t\t\t\t<\/div>\n\t\t\t\t<\/div>\n\t\t\t\t<\/div>\n\t\t<div class=\"wd-sticky-container-lg elementor-element elementor-element-83bd77d e-con-full elementor-hidden-tablet elementor-hidden-mobile e-flex e-con e-child\" data-id=\"83bd77d\" data-element_type=\"container\" data-e-type=\"container\">\n\t\t<div class=\"elementor-element elementor-element-971bdff e-con-full e-flex e-con e-child\" data-id=\"971bdff\" data-element_type=\"container\" data-e-type=\"container\" data-settings=\"{&quot;background_background&quot;:&quot;classic&quot;}\">\n\t\t\t\t<div class=\"elementor-element elementor-element-8964cff wd-width-100 elementor-widget elementor-widget-wd_title\" data-id=\"8964cff\" data-element_type=\"widget\" data-e-type=\"widget\" data-widget_type=\"wd_title.default\">\n\t\t\t\t<div class=\"elementor-widget-container\">\n\t\t\t\t\t\t\t<div class=\"title-wrapper wd-set-mb reset-last-child wd-title-color-default wd-title-style-default wd-title-size-small text-left\">\n\n\t\t\t\n\t\t\t<div class=\"liner-continer\">\n\t\t\t\t<h4 class=\"woodmart-title-container title wd-fontsize-m\">Need help?<\/h4> \n\t\t\t\t\t\t\t<\/div>\n\n\t\t\t\t\t<\/div>\n\t\t\t\t\t\t<\/div>\n\t\t\t\t<\/div>\n\t\t\t\t<div class=\"elementor-element elementor-element-2bb2853 elementor-widget elementor-widget-wd_list\" data-id=\"2bb2853\" data-element_type=\"widget\" data-e-type=\"widget\" data-widget_type=\"wd_list.default\">\n\t\t\t\t<div class=\"elementor-widget-container\">\n\t\t\t\t\t\t\t<ul class=\"wd-list color-scheme-custom wd-fontsize-xs wd-type-icon wd-style-default text-left\">\n\t\t\t\t\t\t\t\t\t\t\t<li class=\"elementor-repeater-item-b7e03af\">\n\t\t\t\t\t\t\t\t\t\t\t<span class=\"wd-icon\"><img decoding=\"async\"  src=\"https:\/\/klaviaturos.shop\/wp-content\/uploads\/2026\/04\/phone-1.svg\" title=\"phone-1\" loading=\"lazy\" width=\"32\" height=\"32\"><\/span>\t\t\t\t\t\n\t\t\t\t\t<span class=\"wd-list-content list-content\">\n\t\t\t\t\t\t\t\t\t\t\t\t\t<a  href=\"tel:+37064348226\">\n\t\t\t\t\t\t\t\t+370 643 48226 (LT\/EN)\t\t\t\t\t\t\t<\/a>\n\t\t\t\t\t\t\t\t\t\t\t<\/span>\n\t\t\t\t<\/li>\n\t\t\t\t\t\t\t\t\t\t\t<li class=\"elementor-repeater-item-4329155\">\n\t\t\t\t\t\t\t\t\t\t\t<span class=\"wd-icon\"><img decoding=\"async\"  src=\"https:\/\/klaviaturos.shop\/wp-content\/uploads\/2026\/04\/phone-1.svg\" title=\"phone-1\" loading=\"lazy\" width=\"32\" height=\"32\"><\/span>\t\t\t\t\t\n\t\t\t\t\t<span class=\"wd-list-content list-content\">\n\t\t\t\t\t\t\t\t\t\t\t\t\t<a  href=\"tel:+37064688122\">\n\t\t\t\t\t\t\t\t+370 646 88122 (LT\/EN)\t\t\t\t\t\t\t<\/a>\n\t\t\t\t\t\t\t\t\t\t\t<\/span>\n\t\t\t\t<\/li>\n\t\t\t\t\t\t\t\t\t\t\t<li class=\"elementor-repeater-item-291ad44\">\n\t\t\t\t\t\t\t\t\t\t\t<span class=\"wd-icon\"><img decoding=\"async\"  src=\"https:\/\/klaviaturos.shop\/wp-content\/uploads\/2023\/01\/messenger.svg\" title=\"messenger\" loading=\"lazy\" width=\"32\" height=\"32\"><\/span>\t\t\t\t\t\n\t\t\t\t\t<span class=\"wd-list-content list-content\">\n\t\t\t\t\t\t\t\t\t\t\t\t\t<a href=\"https:\/\/m.me\/106510355001887\">\n\t\t\t\t\t\t\t\tMessenger\t\t\t\t\t\t\t<\/a>\n\t\t\t\t\t\t\t\t\t\t\t<\/span>\n\t\t\t\t<\/li>\n\t\t\t\t\t\t\t\t\t\t\t<li class=\"elementor-repeater-item-c05932f\">\n\t\t\t\t\t\t\t\t\t\t\t<span class=\"wd-icon\"><img decoding=\"async\"  src=\"https:\/\/klaviaturos.shop\/wp-content\/uploads\/2023\/01\/email.svg\" title=\"email\" loading=\"lazy\" width=\"32\" height=\"32\"><\/span>\t\t\t\t\t\n\t\t\t\t\t<span class=\"wd-list-content list-content\">\n\t\t\t\t\t\t\t\t\t\t\t\t\t<a  href=\"mailto:klaviaturos.shop@gmail.com\">\n\t\t\t\t\t\t\t\tklaviaturos.shop@gmail.com\t\t\t\t\t\t\t<\/a>\n\t\t\t\t\t\t\t\t\t\t\t<\/span>\n\t\t\t\t<\/li>\n\t\t\t\t\t<\/ul>\n\n\t\t\t\t\t\t<\/div>\n\t\t\t\t<\/div>\n\t\t\t\t<div class=\"elementor-element elementor-element-ff981eb wd-width-100 elementor-widget elementor-widget-wd_title\" data-id=\"ff981eb\" data-element_type=\"widget\" data-e-type=\"widget\" data-widget_type=\"wd_title.default\">\n\t\t\t\t<div class=\"elementor-widget-container\">\n\t\t\t\t\t\t\t<div class=\"title-wrapper wd-set-mb reset-last-child wd-title-color-default wd-title-style-default wd-title-size-small text-left\">\n\n\t\t\t\n\t\t\t<div class=\"liner-continer\">\n\t\t\t\t<h4 class=\"woodmart-title-container title wd-fontsize-m\">Find us<\/h4> \n\t\t\t\t\t\t\t<\/div>\n\n\t\t\t\t\t<\/div>\n\t\t\t\t\t\t<\/div>\n\t\t\t\t<\/div>\n\t\t\t\t<div class=\"elementor-element elementor-element-43b4491 elementor-widget elementor-widget-wd_social_buttons\" data-id=\"43b4491\" data-element_type=\"widget\" data-e-type=\"widget\" data-widget_type=\"wd_social_buttons.default\">\n\t\t\t\t<div class=\"elementor-widget-container\">\n\t\t\t\t\t\t\t\t<div\n\t\t\t\t\t\tclass=\"wd-social-icons wd-style-colored wd-size-default social-follow wd-shape-circle color-scheme-dark text-left\">\n\t\t\t\t\n\t\t\t\t\n\t\t\t\t\t\t\t\t\t<a rel=\"noopener noreferrer nofollow\" href=\"https:\/\/www.facebook.com\/klaviaturos.shop\/\" target=\"_blank\" class=\"wd-social-icon social-facebook\" aria-label=\"Facebook social link\">\n\t\t\t\t\t\t<span class=\"wd-icon\"><\/span>\n\t\t\t\t\t\t\t\t\t\t\t<\/a>\n\t\t\t\t\n\t\t\t\t\n\t\t\t\t\n\t\t\t\t\n\t\t\t\t\t\t\t\t\t<a rel=\"noopener noreferrer nofollow\" href=\"https:\/\/www.instagram.com\/klaviaturos.shop\/\" target=\"_blank\" class=\"wd-social-icon social-instagram\" aria-label=\"Instagram social link\">\n\t\t\t\t\t\t<span class=\"wd-icon\"><\/span>\n\t\t\t\t\t\t\t\t\t\t\t<\/a>\n\t\t\t\t\n\t\t\t\t\n\t\t\t\t\n\t\t\t\t\n\t\t\t\t\n\t\t\t\t\n\t\t\t\t\n\t\t\t\t\n\t\t\t\t\n\t\t\t\t\n\t\t\t\t\n\t\t\t\t\n\t\t\t\t\n\t\t\t\t\n\t\t\t\t\n\t\t\t\t\n\t\t\t\t\n\t\t\t\t\t\t\t\t\t<a rel=\"noopener noreferrer nofollow\" href=\"https:\/\/www.tiktok.com\/@klaviaturos.shop\" target=\"_blank\" class=\"wd-social-icon social-tiktok\" aria-label=\"TikTok social link\">\n\t\t\t\t\t\t<span class=\"wd-icon\"><\/span>\n\t\t\t\t\t\t\t\t\t\t\t<\/a>\n\t\t\t\t\n\t\t\t\t\n\t\t\t\t\n\t\t\t\t\n\t\t\t\t\n\t\t\t<\/div>\n\n\t\t\t\t\t\t<\/div>\n\t\t\t\t<\/div>\n\t\t\t\t<\/div>\n\t\t\t\t<\/div>\n\t\t\t\t\t<\/div>\n\t\t\t\t<\/div>\n\t\t\t\t<\/div>","protected":false},"excerpt":{"rendered":"<p>Privatumo politika 1. Bendrosios nuostatos 1.1 \u0160i privatumo politika reglamentuoja MB Klaviat\u016bros shop elektronin\u0117s parduotuv\u0117s (toliau www.klaviaturos.shop) ir www.klaviaturos.shop kliento<\/p>","protected":false},"author":1,"featured_media":0,"parent":0,"menu_order":0,"comment_status":"closed","ping_status":"closed","template":"elementor_header_footer","meta":{"_acf_changed":false,"footnotes":""},"class_list":["post-16006","page","type-page","status-publish","hentry"],"acf":[],"_links":{"self":[{"href":"https:\/\/klaviaturos.shop\/en\/wp-json\/wp\/v2\/pages\/16006","targetHints":{"allow":["GET"]}}],"collection":[{"href":"https:\/\/klaviaturos.shop\/en\/wp-json\/wp\/v2\/pages"}],"about":[{"href":"https:\/\/klaviaturos.shop\/en\/wp-json\/wp\/v2\/types\/page"}],"author":[{"embeddable":true,"href":"https:\/\/klaviaturos.shop\/en\/wp-json\/wp\/v2\/users\/1"}],"replies":[{"embeddable":true,"href":"https:\/\/klaviaturos.shop\/en\/wp-json\/wp\/v2\/comments?post=16006"}],"version-history":[{"count":0,"href":"https:\/\/klaviaturos.shop\/en\/wp-json\/wp\/v2\/pages\/16006\/revisions"}],"wp:attachment":[{"href":"https:\/\/klaviaturos.shop\/en\/wp-json\/wp\/v2\/media?parent=16006"}],"curies":[{"name":"wp","href":"https:\/\/api.w.org\/{rel}","templated":true}]}}