{"id":15989,"date":"2023-12-02T08:04:55","date_gmt":"2023-12-02T08:04:55","guid":{"rendered":"https:\/\/klaviaturos.shop\/?page_id=15989"},"modified":"2026-04-24T15:38:58","modified_gmt":"2026-04-24T12:38:58","slug":"warranty-service","status":"publish","type":"page","link":"https:\/\/klaviaturos.shop\/en\/warranty-service\/","title":{"rendered":"Warranty Service"},"content":{"rendered":"<div data-elementor-type=\"wp-page\" data-elementor-id=\"15989\" class=\"elementor elementor-15989\">\n\t\t\t\t<div class=\"wd-negative-gap elementor-element elementor-element-3c385d4 e-flex e-con-boxed e-con e-parent\" data-id=\"3c385d4\" data-element_type=\"container\" data-e-type=\"container\">\n\t\t\t\t\t<div class=\"e-con-inner\">\n\t\t<div class=\"elementor-element elementor-element-125aeaf e-con-full e-flex e-con e-child\" data-id=\"125aeaf\" data-element_type=\"container\" data-e-type=\"container\">\n\t\t<div class=\"elementor-element elementor-element-30ddc93 e-con-full e-flex e-con e-child\" data-id=\"30ddc93\" data-element_type=\"container\" data-e-type=\"container\" data-settings=\"{&quot;background_background&quot;:&quot;classic&quot;}\">\n\t\t\t\t<div class=\"elementor-element elementor-element-446a2d5 wd-width-100 elementor-widget elementor-widget-wd_title\" data-id=\"446a2d5\" data-element_type=\"widget\" data-e-type=\"widget\" data-widget_type=\"wd_title.default\">\n\t\t\t\t<div class=\"elementor-widget-container\">\n\t\t\t\t\t\t\t<div class=\"title-wrapper wd-set-mb reset-last-child wd-title-color-default wd-title-style-default wd-title-size-default text-left\">\n\n\t\t\t\n\t\t\t<div class=\"liner-continer\">\n\t\t\t\t<h4 class=\"woodmart-title-container title wd-fontsize-l\">Warranty Service<\/h4> \n\t\t\t\t\t\t\t<\/div>\n\n\t\t\t\t\t<\/div>\n\t\t\t\t\t\t<\/div>\n\t\t\t\t<\/div>\n\t\t\t\t<div class=\"elementor-element elementor-element-89d3d3b color-scheme-inherit text-left elementor-widget elementor-widget-text-editor\" data-id=\"89d3d3b\" data-element_type=\"widget\" data-e-type=\"widget\" data-widget_type=\"text-editor.default\">\n\t\t\t\t<div class=\"elementor-widget-container\">\n\t\t\t\t\t\t\t\t\t<ol dir=\"auto\"><li><p class=\"body\" dir=\"auto\"><span style=\"color: #000000;\">The quality guarantee is provided for all our products. The validity period of the products may vary. The conditions, warranty period are specified in the product description or invoice, which also corresponds to the warranty sheet.<\/span><\/p><\/li><li><p class=\"body\" dir=\"auto\"><span style=\"color: #000000;\">A 24-month warranty service applies to individuals, while a 12-month warranty applies to legal entities.<\/span><\/p><\/li><li><p class=\"body\" dir=\"auto\"><span style=\"color: #000000;\">The quality guarantee is not provided if the product characteristics match its description, and the product is suitable for use according to its purpose.<\/span><\/p><\/li><li><p class=\"body\" dir=\"auto\"><span style=\"color: #000000;\">The quality guarantee is also not provided for information contained in media or devices. This means that we are not responsible if personal information is lost during repair. Costs for restoring data at the customer's request are also not compensated.<\/span><\/p><\/li><li><p class=\"body\" dir=\"auto\"><span style=\"color: #000000;\">When picking up the product in-store, check that it is undamaged, complete, and suitable for use. When receiving an order from a courier, pay attention to the packaging \u2013 if you have any doubts, unpack it immediately. Note any discrepancies in the product transfer acceptance document and, in the presence of the courier, draw up an act. If you notice defects or damages to the product after signing the transfer acceptance document, we cannot take responsibility for the product or packaging being damaged or incomplete. In this case, the quality guarantee will only be provided in the event of a factory defect.<\/span><\/p><\/li><li><p class=\"body\" dir=\"auto\"><span style=\"color: #000000;\">You can return the product for warranty service by visiting us at Kaunas, Amaliai agurkli\u0173 takas 3, or you can send it properly packaged with the help of a courier to: Kauno IKI Ateities pa\u0161tomatas (Omniva). The buyer, when submitting the device for warranty repair, must also provide the purchase documents \u2013 invoice.<\/span><\/p><\/li><li><p class=\"body\" dir=\"auto\"><span style=\"color: #000000;\">We eliminate defects in returned products within 1-10 working days, counting from the day the product is transferred to the warranty service. If it turns out that the repair of the product requires a specific part, which takes longer than usual to obtain, the deadline is extended; in this case, we will contact you personally and inform you about the progress of the defect elimination process.<\/span><\/p><\/li><li><p class=\"body\" dir=\"auto\"><span style=\"color: #000000;\">When picking up the product, it is necessary to check that the entire set of the device brought for repair is being returned. Claims regarding the completeness will not be accepted later.<\/span><\/p><\/li><li><p class=\"body\" dir=\"auto\"><span style=\"color: #000000;\">The customer must deliver the device at their own expense and effort.<\/span><\/p><\/li><li><p class=\"body\" dir=\"auto\"><span style=\"color: #000000;\">When returning the purchased product, you must deliver it to Kaunas, Amaliai agurkli\u0173 takas 3 or send it via the parcel machine: Kauno IKI Ateities pa\u0161tomatas (Omniva).<\/span><\/p><\/li><li><p class=\"body\" dir=\"auto\"><span style=\"color: #000000;\">Shipping information:<\/span><\/p><p><span style=\"color: #000000;\"><strong>Name: <\/strong>klaviaturos.shop; <br \/><\/span><span style=\"color: #000000;\"><strong>Email:<\/strong> klaviaturos.shop@gmail.com; <br \/><strong>Phone number:<\/strong> +370 646 88122; +370 643 48226<br \/><strong>Parcel machine:<\/strong> Kaunas IKI Ateities parcel machine (Omniva).<\/span><\/p><\/li><\/ol><p class=\"body\" dir=\"auto\"><strong><span style=\"color: #000000;\">Warranty obligations are terminated or do not apply in the following cases:<\/span><\/strong><\/p><ul dir=\"auto\"><li><p class=\"body\" dir=\"auto\"><span style=\"color: #000000;\">If defects arise due to natural disasters (lightning, flooding, earthquake, fire), improper operating conditions, user intent, or negligence.<\/span><\/p><\/li><li><p class=\"body\" dir=\"auto\"><span style=\"color: #000000;\">Failures due to illegal, inappropriate voltage sources, electrical network disruptions.<\/span><\/p><\/li><li><p class=\"body\" dir=\"auto\"><span style=\"color: #000000;\">Damage caused by improper operation: cleaning, scraping, scratches, chemicals, inappropriate environment (damp, cold), improper device maintenance.<\/span><\/p><\/li><li><p class=\"body\" dir=\"auto\"><span style=\"color: #000000;\">Damage caused by foreign objects entering the device: sand, liquid (corrosion, oxidation), food, insects, etc.<\/span><\/p><\/li><li><p class=\"body\" dir=\"auto\"><span style=\"color: #000000;\">Damage occurring after purchase due to the device falling, being hit, or during transport when the device is carried by the customer.<\/span><\/p><\/li><li><p class=\"body\" dir=\"auto\"><span style=\"color: #000000;\">Failures were removed by a person without competence, certification, or license.<\/span><\/p><\/li><li><p class=\"body\" dir=\"auto\"><span style=\"color: #000000;\">If the serial numbers and other labels on the devices or components were damaged.<\/span><\/p><\/li><li><p class=\"body\" dir=\"auto\"><span style=\"color: #000000;\">If the device\/product was used for unintended purposes.<\/span><\/p><\/li><li><p class=\"body\" dir=\"auto\"><span style=\"color: #000000;\">If the device\/product was deliberately damaged or disassembled.<\/span><\/p><\/li><li><p class=\"body\" dir=\"auto\"><span style=\"color: #000000;\">The device failed due to improper testing, maintenance, software installation, adjustments, illegal programs. Warranty obligations do not apply to any changes or modifications of the device.<\/span><\/p><\/li><li><p class=\"body\" dir=\"auto\"><span style=\"color: #000000;\">If the failure or abnormal functioning of the product was caused by the operation of viral programs.<\/span><\/p><\/li><li><p class=\"body\" dir=\"auto\"><span style=\"color: #000000;\">If the failure occurred using consumables, additives that are not recommended by the manufacturer.<\/span><\/p><\/li><li><p class=\"body\" dir=\"auto\"><span style=\"color: #000000;\">The device was used without following the user manual and warranty rules.<\/span><\/p><\/li><li><p class=\"body\" dir=\"auto\"><span style=\"color: #000000;\">The returned device must be submitted in packaging that ensures safe transport. If the device is delivered without packaging, the seller is not responsible for mechanical damage incurred during transport.<\/span><\/p><\/li><li><p class=\"body\" dir=\"auto\"><span style=\"color: #000000;\">If the failure is not confirmed or (and) there are failures not covered by warranty obligations and free service, all costs related to transporting the product to the transfer location, diagnosing the failure, and repairs are to be borne by the customer.<\/span><\/p><\/li><\/ul>\t\t\t\t\t\t\t\t<\/div>\n\t\t\t\t<\/div>\n\t\t\t\t<\/div>\n\t\t\t\t<\/div>\n\t\t<div class=\"wd-sticky-container-lg elementor-element elementor-element-ec9993c e-con-full elementor-hidden-tablet elementor-hidden-mobile e-flex e-con e-child\" data-id=\"ec9993c\" data-element_type=\"container\" data-e-type=\"container\">\n\t\t<div class=\"elementor-element elementor-element-5e421ab e-con-full e-flex e-con e-child\" data-id=\"5e421ab\" data-element_type=\"container\" data-e-type=\"container\" data-settings=\"{&quot;background_background&quot;:&quot;classic&quot;}\">\n\t\t\t\t<div class=\"elementor-element elementor-element-332ebeb wd-width-100 elementor-widget elementor-widget-wd_title\" data-id=\"332ebeb\" data-element_type=\"widget\" data-e-type=\"widget\" data-widget_type=\"wd_title.default\">\n\t\t\t\t<div class=\"elementor-widget-container\">\n\t\t\t\t\t\t\t<div class=\"title-wrapper wd-set-mb reset-last-child wd-title-color-default wd-title-style-default wd-title-size-small text-left\">\n\n\t\t\t\n\t\t\t<div class=\"liner-continer\">\n\t\t\t\t<h4 class=\"woodmart-title-container title wd-fontsize-m\">Need help?<\/h4> \n\t\t\t\t\t\t\t<\/div>\n\n\t\t\t\t\t<\/div>\n\t\t\t\t\t\t<\/div>\n\t\t\t\t<\/div>\n\t\t\t\t<div class=\"elementor-element elementor-element-05e451c elementor-widget elementor-widget-wd_list\" data-id=\"05e451c\" data-element_type=\"widget\" data-e-type=\"widget\" data-widget_type=\"wd_list.default\">\n\t\t\t\t<div class=\"elementor-widget-container\">\n\t\t\t\t\t\t\t<ul class=\"wd-list color-scheme-custom wd-fontsize-xs wd-type-icon wd-style-default text-left\">\n\t\t\t\t\t\t\t\t\t\t\t<li class=\"elementor-repeater-item-b7e03af\">\n\t\t\t\t\t\t\t\t\t\t\t<span class=\"wd-icon\"><img decoding=\"async\"  src=\"https:\/\/klaviaturos.shop\/wp-content\/uploads\/2026\/04\/phone-1.svg\" title=\"phone-1\" loading=\"lazy\" width=\"32\" height=\"32\"><\/span>\t\t\t\t\t\n\t\t\t\t\t<span class=\"wd-list-content list-content\">\n\t\t\t\t\t\t\t\t\t\t\t\t\t<a  href=\"tel:+37064348226\">\n\t\t\t\t\t\t\t\t+370 643 48226 (LT\/EN)\t\t\t\t\t\t\t<\/a>\n\t\t\t\t\t\t\t\t\t\t\t<\/span>\n\t\t\t\t<\/li>\n\t\t\t\t\t\t\t\t\t\t\t<li class=\"elementor-repeater-item-4329155\">\n\t\t\t\t\t\t\t\t\t\t\t<span class=\"wd-icon\"><img decoding=\"async\"  src=\"https:\/\/klaviaturos.shop\/wp-content\/uploads\/2026\/04\/phone-1.svg\" title=\"phone-1\" loading=\"lazy\" width=\"32\" height=\"32\"><\/span>\t\t\t\t\t\n\t\t\t\t\t<span class=\"wd-list-content list-content\">\n\t\t\t\t\t\t\t\t\t\t\t\t\t<a  href=\"tel:+37064688122\">\n\t\t\t\t\t\t\t\t+370 646 88122 (LT\/EN)\t\t\t\t\t\t\t<\/a>\n\t\t\t\t\t\t\t\t\t\t\t<\/span>\n\t\t\t\t<\/li>\n\t\t\t\t\t\t\t\t\t\t\t<li class=\"elementor-repeater-item-291ad44\">\n\t\t\t\t\t\t\t\t\t\t\t<span class=\"wd-icon\"><img decoding=\"async\"  src=\"https:\/\/klaviaturos.shop\/wp-content\/uploads\/2023\/01\/messenger.svg\" title=\"messenger\" loading=\"lazy\" width=\"32\" height=\"32\"><\/span>\t\t\t\t\t\n\t\t\t\t\t<span class=\"wd-list-content list-content\">\n\t\t\t\t\t\t\t\t\t\t\t\t\t<a  href=\"https:\/\/m.me\/106510355001887\">\n\t\t\t\t\t\t\t\tMessenger\t\t\t\t\t\t\t<\/a>\n\t\t\t\t\t\t\t\t\t\t\t<\/span>\n\t\t\t\t<\/li>\n\t\t\t\t\t\t\t\t\t\t\t<li class=\"elementor-repeater-item-c05932f\">\n\t\t\t\t\t\t\t\t\t\t\t<span class=\"wd-icon\"><img decoding=\"async\"  src=\"https:\/\/klaviaturos.shop\/wp-content\/uploads\/2023\/01\/email.svg\" title=\"email\" loading=\"lazy\" width=\"32\" height=\"32\"><\/span>\t\t\t\t\t\n\t\t\t\t\t<span class=\"wd-list-content list-content\">\n\t\t\t\t\t\t\t\t\t\t\t\t\t<a  href=\"mailto:klaviaturos.shop@gmail.com\">\n\t\t\t\t\t\t\t\tklaviaturos.shop@gmail.com\t\t\t\t\t\t\t<\/a>\n\t\t\t\t\t\t\t\t\t\t\t<\/span>\n\t\t\t\t<\/li>\n\t\t\t\t\t<\/ul>\n\n\t\t\t\t\t\t<\/div>\n\t\t\t\t<\/div>\n\t\t\t\t<div class=\"elementor-element elementor-element-cabba1e wd-width-100 elementor-widget elementor-widget-wd_title\" data-id=\"cabba1e\" data-element_type=\"widget\" data-e-type=\"widget\" data-widget_type=\"wd_title.default\">\n\t\t\t\t<div class=\"elementor-widget-container\">\n\t\t\t\t\t\t\t<div class=\"title-wrapper wd-set-mb reset-last-child wd-title-color-default wd-title-style-default wd-title-size-small text-left\">\n\n\t\t\t\n\t\t\t<div class=\"liner-continer\">\n\t\t\t\t<h4 class=\"woodmart-title-container title wd-fontsize-m\">Find us<\/h4> \n\t\t\t\t\t\t\t<\/div>\n\n\t\t\t\t\t<\/div>\n\t\t\t\t\t\t<\/div>\n\t\t\t\t<\/div>\n\t\t\t\t<div class=\"elementor-element elementor-element-c217d5f elementor-widget elementor-widget-wd_social_buttons\" data-id=\"c217d5f\" data-element_type=\"widget\" data-e-type=\"widget\" data-widget_type=\"wd_social_buttons.default\">\n\t\t\t\t<div class=\"elementor-widget-container\">\n\t\t\t\t\t\t\t\t<div\n\t\t\t\t\t\tclass=\"wd-social-icons wd-style-colored wd-size-default social-follow wd-shape-circle color-scheme-dark text-left\">\n\t\t\t\t\n\t\t\t\t\n\t\t\t\t\t\t\t\t\t<a rel=\"noopener noreferrer nofollow\" href=\"https:\/\/www.facebook.com\/klaviaturos.shop\/\" target=\"_blank\" class=\"wd-social-icon social-facebook\" aria-label=\"Facebook social link\">\n\t\t\t\t\t\t<span class=\"wd-icon\"><\/span>\n\t\t\t\t\t\t\t\t\t\t\t<\/a>\n\t\t\t\t\n\t\t\t\t\n\t\t\t\t\n\t\t\t\t\n\t\t\t\t\t\t\t\t\t<a rel=\"noopener noreferrer nofollow\" href=\"https:\/\/www.instagram.com\/klaviaturos.shop\/\" target=\"_blank\" class=\"wd-social-icon social-instagram\" aria-label=\"Instagram social link\">\n\t\t\t\t\t\t<span class=\"wd-icon\"><\/span>\n\t\t\t\t\t\t\t\t\t\t\t<\/a>\n\t\t\t\t\n\t\t\t\t\n\t\t\t\t\n\t\t\t\t\n\t\t\t\t\n\t\t\t\t\n\t\t\t\t\n\t\t\t\t\n\t\t\t\t\n\t\t\t\t\n\t\t\t\t\n\t\t\t\t\n\t\t\t\t\n\t\t\t\t\n\t\t\t\t\n\t\t\t\t\n\t\t\t\t\n\t\t\t\t\t\t\t\t\t<a rel=\"noopener noreferrer nofollow\" href=\"https:\/\/www.tiktok.com\/@klaviaturos.shop\" target=\"_blank\" class=\"wd-social-icon social-tiktok\" aria-label=\"TikTok social link\">\n\t\t\t\t\t\t<span class=\"wd-icon\"><\/span>\n\t\t\t\t\t\t\t\t\t\t\t<\/a>\n\t\t\t\t\n\t\t\t\t\n\t\t\t\t\n\t\t\t\t\n\t\t\t\t\n\t\t\t<\/div>\n\n\t\t\t\t\t\t<\/div>\n\t\t\t\t<\/div>\n\t\t\t\t<\/div>\n\t\t\t\t<\/div>\n\t\t\t\t\t<\/div>\n\t\t\t\t<\/div>\n\t\t\t\t<\/div>","protected":false},"excerpt":{"rendered":"<p>Garantinis aptarnavimas Kokyb\u0117s garantija suteikiama visoms m\u016bs\u0173 prek\u0117ms. Preki\u0173 galiojimo terminas gali skirtis. S\u0105lygos, garantijos laikotarpis nurodomas prek\u0117s apra\u0161yme arba<\/p>","protected":false},"author":1,"featured_media":0,"parent":0,"menu_order":0,"comment_status":"closed","ping_status":"closed","template":"elementor_header_footer","meta":{"_acf_changed":false,"footnotes":""},"class_list":["post-15989","page","type-page","status-publish","hentry"],"acf":[],"_links":{"self":[{"href":"https:\/\/klaviaturos.shop\/en\/wp-json\/wp\/v2\/pages\/15989","targetHints":{"allow":["GET"]}}],"collection":[{"href":"https:\/\/klaviaturos.shop\/en\/wp-json\/wp\/v2\/pages"}],"about":[{"href":"https:\/\/klaviaturos.shop\/en\/wp-json\/wp\/v2\/types\/page"}],"author":[{"embeddable":true,"href":"https:\/\/klaviaturos.shop\/en\/wp-json\/wp\/v2\/users\/1"}],"replies":[{"embeddable":true,"href":"https:\/\/klaviaturos.shop\/en\/wp-json\/wp\/v2\/comments?post=15989"}],"version-history":[{"count":0,"href":"https:\/\/klaviaturos.shop\/en\/wp-json\/wp\/v2\/pages\/15989\/revisions"}],"wp:attachment":[{"href":"https:\/\/klaviaturos.shop\/en\/wp-json\/wp\/v2\/media?parent=15989"}],"curies":[{"name":"wp","href":"https:\/\/api.w.org\/{rel}","templated":true}]}}