{"id":15967,"date":"2023-12-02T07:57:48","date_gmt":"2023-12-02T07:57:48","guid":{"rendered":"https:\/\/klaviaturos.shop\/?page_id=15967"},"modified":"2026-04-24T16:27:11","modified_gmt":"2026-04-24T13:27:11","slug":"payment-methods","status":"publish","type":"page","link":"https:\/\/klaviaturos.shop\/en\/payment-methods\/","title":{"rendered":"Payment methods"},"content":{"rendered":"<div data-elementor-type=\"wp-page\" data-elementor-id=\"15967\" class=\"elementor elementor-15967\">\n\t\t\t\t<div class=\"wd-negative-gap elementor-element elementor-element-246a8b7 e-flex e-con-boxed e-con e-parent\" data-id=\"246a8b7\" data-element_type=\"container\" data-e-type=\"container\">\n\t\t\t\t\t<div class=\"e-con-inner\">\n\t\t<div class=\"elementor-element elementor-element-8671385 e-con-full e-flex e-con e-child\" data-id=\"8671385\" data-element_type=\"container\" data-e-type=\"container\">\n\t\t<div class=\"elementor-element elementor-element-b3a72f4 e-con-full e-flex e-con e-child\" data-id=\"b3a72f4\" data-element_type=\"container\" data-e-type=\"container\" data-settings=\"{&quot;background_background&quot;:&quot;classic&quot;}\">\n\t\t\t\t<div class=\"elementor-element elementor-element-98ee580 elementor-widget__width-auto wd-width-100 elementor-widget elementor-widget-wd_title\" data-id=\"98ee580\" data-element_type=\"widget\" data-e-type=\"widget\" data-widget_type=\"wd_title.default\">\n\t\t\t\t<div class=\"elementor-widget-container\">\n\t\t\t\t\t\t\t<div class=\"title-wrapper wd-set-mb reset-last-child wd-title-color-default wd-title-style-default wd-title-size-default text-left\">\n\n\t\t\t\n\t\t\t<div class=\"liner-continer\">\n\t\t\t\t<h4 class=\"woodmart-title-container title wd-fontsize-l\">Payment methods<\/h4> \n\t\t\t\t\t\t\t<\/div>\n\n\t\t\t\t\t<\/div>\n\t\t\t\t\t\t<\/div>\n\t\t\t\t<\/div>\n\t\t\t\t<div class=\"elementor-element elementor-element-7ba32af elementor-widget elementor-widget-wd_text_block\" data-id=\"7ba32af\" data-element_type=\"widget\" data-e-type=\"widget\" data-widget_type=\"wd_text_block.default\">\n\t\t\t\t<div class=\"elementor-widget-container\">\n\t\t\t\t\t\t\t<div class=\"wd-text-block reset-last-child text-left\">\n\t\t\t\n\t\t\t<p><span style=\"color: #000000;\"><strong>1. Through your bank's electronic banking system (connected via Montonio).<\/strong><\/span><br \/><span style=\"color: #000000;\">In the online store klaviaturos.shop, you can pay for goods using the most popular electronic banking systems: AB bank \u201eSwedbank\u201c, AB \u201eSEB bank\u201c, AB \u201eDnB bank\u201c, \u201eNordea Bank Lietuva\u201c, Danske Bank A\/S Lithuanian branch, AB \u201e\u0160iauli\u0173 bankas\u201c. The Montonio.com system is used for payment processing.<\/span><\/p><p><span style=\"color: #000000;\"><strong>2. Bank transfer:<\/strong><\/span><br \/><span style=\"color: #000000;\">You can pay for goods by transferring money directly to our bank account. Don't forget to indicate the order number in the payment purpose, which you will receive by email when ordering goods.<\/span><\/p><p><span style=\"color: #000000;\"><strong>Account details:<\/strong><\/span><\/p><p><span style=\"color: #000000;\"><strong>Recipient:<\/strong> MB Klaviat\u016bros shop<\/span><br \/><span style=\"color: #000000;\"><strong>Company code:<\/strong> 306330716<\/span><br \/><span style=\"color: #000000;\"><strong>Bank account:<\/strong> LT44 3500 0100 1655 8887<\/span><br \/><span style=\"color: #000000;\"><strong>Bank:<\/strong> Paysera<\/span><br \/><span style=\"color: #000000;\"><strong>Payment purpose:<\/strong> indicate the order number.<\/span><br \/><span style=\"color: #000000;\"><strong>Payment code:<\/strong> indicate the order number.<\/span><\/p><p><span style=\"color: #000000;\"><strong>3. By Credit \/ Debit cards.<\/strong><\/span><\/p><p><span style=\"color: #000000;\"><strong>4. Payment via Venipak, LP Express Parcel Machines, and LP Express Courier at the time of goods pickup ONLY WITH A BANK CARD. There is no option to pay in cash. Service fee is \u20ac2.<\/strong><\/span><\/p><p><span style=\"color: #000000;\"><strong>5. In cash, by bank card, or by bank transfer when picking up goods on-site at: Amaliai, Agurkli\u0173 takas 3.<\/strong><\/span><\/p>\n\t\t\t\t\t<\/div>\n\t\t\t\t\t\t<\/div>\n\t\t\t\t<\/div>\n\t\t\t\t<\/div>\n\t\t\t\t<\/div>\n\t\t<div class=\"wd-sticky-container-lg elementor-element elementor-element-0dda1ec e-con-full elementor-hidden-tablet elementor-hidden-mobile e-flex e-con e-child\" data-id=\"0dda1ec\" data-element_type=\"container\" data-e-type=\"container\">\n\t\t<div class=\"elementor-element elementor-element-c1b444a e-con-full e-flex e-con e-child\" data-id=\"c1b444a\" data-element_type=\"container\" data-e-type=\"container\" data-settings=\"{&quot;background_background&quot;:&quot;classic&quot;}\">\n\t\t\t\t<div class=\"elementor-element elementor-element-1783bf4 wd-width-100 elementor-widget elementor-widget-wd_title\" data-id=\"1783bf4\" data-element_type=\"widget\" data-e-type=\"widget\" data-widget_type=\"wd_title.default\">\n\t\t\t\t<div class=\"elementor-widget-container\">\n\t\t\t\t\t\t\t<div class=\"title-wrapper wd-set-mb reset-last-child wd-title-color-default wd-title-style-default wd-title-size-small text-left\">\n\n\t\t\t\n\t\t\t<div class=\"liner-continer\">\n\t\t\t\t<h4 class=\"woodmart-title-container title wd-fontsize-m\">Need help?<\/h4> \n\t\t\t\t\t\t\t<\/div>\n\n\t\t\t\t\t<\/div>\n\t\t\t\t\t\t<\/div>\n\t\t\t\t<\/div>\n\t\t\t\t<div class=\"elementor-element elementor-element-f58d053 elementor-widget elementor-widget-wd_list\" data-id=\"f58d053\" data-element_type=\"widget\" data-e-type=\"widget\" data-widget_type=\"wd_list.default\">\n\t\t\t\t<div class=\"elementor-widget-container\">\n\t\t\t\t\t\t\t<ul class=\"wd-list color-scheme-custom wd-fontsize-xs wd-type-icon wd-style-default text-left\">\n\t\t\t\t\t\t\t\t\t\t\t<li class=\"elementor-repeater-item-b7e03af\">\n\t\t\t\t\t\t\t\t\t\t\t<span class=\"wd-icon\"><img decoding=\"async\"  src=\"https:\/\/klaviaturos.shop\/wp-content\/uploads\/2026\/04\/phone-1.svg\" title=\"phone-1\" loading=\"lazy\" width=\"32\" height=\"32\"><\/span>\t\t\t\t\t\n\t\t\t\t\t<span class=\"wd-list-content list-content\">\n\t\t\t\t\t\t\t\t\t\t\t\t\t<a  href=\"tel:+37064348226\">\n\t\t\t\t\t\t\t\t+370 643 48226 (LT\/EN)\t\t\t\t\t\t\t<\/a>\n\t\t\t\t\t\t\t\t\t\t\t<\/span>\n\t\t\t\t<\/li>\n\t\t\t\t\t\t\t\t\t\t\t<li class=\"elementor-repeater-item-4329155\">\n\t\t\t\t\t\t\t\t\t\t\t<span class=\"wd-icon\"><img decoding=\"async\"  src=\"https:\/\/klaviaturos.shop\/wp-content\/uploads\/2026\/04\/phone-1.svg\" title=\"phone-1\" loading=\"lazy\" width=\"32\" height=\"32\"><\/span>\t\t\t\t\t\n\t\t\t\t\t<span class=\"wd-list-content list-content\">\n\t\t\t\t\t\t\t\t\t\t\t\t\t<a  href=\"tel:+37064688122\">\n\t\t\t\t\t\t\t\t+370 646 88122 (LT\/EN)\t\t\t\t\t\t\t<\/a>\n\t\t\t\t\t\t\t\t\t\t\t<\/span>\n\t\t\t\t<\/li>\n\t\t\t\t\t\t\t\t\t\t\t<li class=\"elementor-repeater-item-291ad44\">\n\t\t\t\t\t\t\t\t\t\t\t<span class=\"wd-icon\"><img decoding=\"async\"  src=\"https:\/\/klaviaturos.shop\/wp-content\/uploads\/2023\/01\/messenger.svg\" title=\"messenger\" loading=\"lazy\" width=\"32\" height=\"32\"><\/span>\t\t\t\t\t\n\t\t\t\t\t<span class=\"wd-list-content list-content\">\n\t\t\t\t\t\t\t\t\t\t\t\t\t<a  href=\"https:\/\/m.me\/106510355001887\">\n\t\t\t\t\t\t\t\tMessenger\t\t\t\t\t\t\t<\/a>\n\t\t\t\t\t\t\t\t\t\t\t<\/span>\n\t\t\t\t<\/li>\n\t\t\t\t\t\t\t\t\t\t\t<li class=\"elementor-repeater-item-c05932f\">\n\t\t\t\t\t\t\t\t\t\t\t<span class=\"wd-icon\"><img decoding=\"async\"  src=\"https:\/\/klaviaturos.shop\/wp-content\/uploads\/2023\/01\/email.svg\" title=\"email\" loading=\"lazy\" width=\"32\" height=\"32\"><\/span>\t\t\t\t\t\n\t\t\t\t\t<span class=\"wd-list-content list-content\">\n\t\t\t\t\t\t\t\t\t\t\t\t\t<a  href=\"mailto:klaviaturos.shop@gmail.com\">\n\t\t\t\t\t\t\t\tklaviaturos.shop@gmail.com\t\t\t\t\t\t\t<\/a>\n\t\t\t\t\t\t\t\t\t\t\t<\/span>\n\t\t\t\t<\/li>\n\t\t\t\t\t<\/ul>\n\n\t\t\t\t\t\t<\/div>\n\t\t\t\t<\/div>\n\t\t\t\t<div class=\"elementor-element elementor-element-570b7b0 wd-width-100 elementor-widget elementor-widget-wd_title\" data-id=\"570b7b0\" data-element_type=\"widget\" data-e-type=\"widget\" data-widget_type=\"wd_title.default\">\n\t\t\t\t<div class=\"elementor-widget-container\">\n\t\t\t\t\t\t\t<div class=\"title-wrapper wd-set-mb reset-last-child wd-title-color-default wd-title-style-default wd-title-size-small text-left\">\n\n\t\t\t\n\t\t\t<div class=\"liner-continer\">\n\t\t\t\t<h4 class=\"woodmart-title-container title wd-fontsize-m\">Find us<\/h4> \n\t\t\t\t\t\t\t<\/div>\n\n\t\t\t\t\t<\/div>\n\t\t\t\t\t\t<\/div>\n\t\t\t\t<\/div>\n\t\t\t\t<div class=\"elementor-element elementor-element-7dd2ee5 elementor-widget elementor-widget-wd_social_buttons\" data-id=\"7dd2ee5\" data-element_type=\"widget\" data-e-type=\"widget\" data-widget_type=\"wd_social_buttons.default\">\n\t\t\t\t<div class=\"elementor-widget-container\">\n\t\t\t\t\t\t\t\t<div\n\t\t\t\t\t\tclass=\"wd-social-icons wd-style-colored wd-size-default social-follow wd-shape-circle color-scheme-dark text-left\">\n\t\t\t\t\n\t\t\t\t\n\t\t\t\t\t\t\t\t\t<a rel=\"noopener noreferrer nofollow\" href=\"https:\/\/www.facebook.com\/klaviaturos.shop\/\" target=\"_blank\" class=\"wd-social-icon social-facebook\" aria-label=\"Facebook social link\">\n\t\t\t\t\t\t<span class=\"wd-icon\"><\/span>\n\t\t\t\t\t\t\t\t\t\t\t<\/a>\n\t\t\t\t\n\t\t\t\t\n\t\t\t\t\n\t\t\t\t\n\t\t\t\t\t\t\t\t\t<a rel=\"noopener noreferrer nofollow\" href=\"https:\/\/www.instagram.com\/klaviaturos.shop\/\" target=\"_blank\" class=\"wd-social-icon social-instagram\" aria-label=\"Instagram social link\">\n\t\t\t\t\t\t<span class=\"wd-icon\"><\/span>\n\t\t\t\t\t\t\t\t\t\t\t<\/a>\n\t\t\t\t\n\t\t\t\t\n\t\t\t\t\n\t\t\t\t\n\t\t\t\t\n\t\t\t\t\n\t\t\t\t\n\t\t\t\t\n\t\t\t\t\n\t\t\t\t\n\t\t\t\t\n\t\t\t\t\n\t\t\t\t\n\t\t\t\t\n\t\t\t\t\n\t\t\t\t\n\t\t\t\t\n\t\t\t\t\t\t\t\t\t<a rel=\"noopener noreferrer nofollow\" href=\"https:\/\/www.tiktok.com\/@klaviaturos.shop\" target=\"_blank\" class=\"wd-social-icon social-tiktok\" aria-label=\"TikTok social link\">\n\t\t\t\t\t\t<span class=\"wd-icon\"><\/span>\n\t\t\t\t\t\t\t\t\t\t\t<\/a>\n\t\t\t\t\n\t\t\t\t\n\t\t\t\t\n\t\t\t\t\n\t\t\t\t\n\t\t\t<\/div>\n\n\t\t\t\t\t\t<\/div>\n\t\t\t\t<\/div>\n\t\t\t\t<\/div>\n\t\t\t\t<\/div>\n\t\t\t\t\t<\/div>\n\t\t\t\t<\/div>\n\t\t\t\t<\/div>","protected":false},"excerpt":{"rendered":"<p>Atsiskaitymo b\u016bdai 1. Per savo banko elektronin\u0117s bankininkyst\u0117s sistem\u0105 (jungiama per Montonio).Internetin\u0117je parduotuv\u0117je klaviaturos.shop u\u017e prekes galima sumok\u0117ti naudojantis populiariausiomis<\/p>","protected":false},"author":1,"featured_media":0,"parent":0,"menu_order":0,"comment_status":"closed","ping_status":"closed","template":"elementor_header_footer","meta":{"_acf_changed":false,"footnotes":""},"class_list":["post-15967","page","type-page","status-publish","hentry"],"acf":[],"_links":{"self":[{"href":"https:\/\/klaviaturos.shop\/en\/wp-json\/wp\/v2\/pages\/15967","targetHints":{"allow":["GET"]}}],"collection":[{"href":"https:\/\/klaviaturos.shop\/en\/wp-json\/wp\/v2\/pages"}],"about":[{"href":"https:\/\/klaviaturos.shop\/en\/wp-json\/wp\/v2\/types\/page"}],"author":[{"embeddable":true,"href":"https:\/\/klaviaturos.shop\/en\/wp-json\/wp\/v2\/users\/1"}],"replies":[{"embeddable":true,"href":"https:\/\/klaviaturos.shop\/en\/wp-json\/wp\/v2\/comments?post=15967"}],"version-history":[{"count":0,"href":"https:\/\/klaviaturos.shop\/en\/wp-json\/wp\/v2\/pages\/15967\/revisions"}],"wp:attachment":[{"href":"https:\/\/klaviaturos.shop\/en\/wp-json\/wp\/v2\/media?parent=15967"}],"curies":[{"name":"wp","href":"https:\/\/api.w.org\/{rel}","templated":true}]}}